{"id":66,"date":"2020-05-06T16:09:40","date_gmt":"2020-05-06T14:09:40","guid":{"rendered":"https:\/\/michalhancil.cz\/test\/klinovkanew\/?page_id=66"},"modified":"2025-12-06T13:21:18","modified_gmt":"2025-12-06T12:21:18","slug":"ranczo-gorskie","status":"publish","type":"page","link":"https:\/\/klinovka.com\/pl\/ranczo-gorskie\/","title":{"rendered":"Ranczo g\u00f3rskie"},"content":{"rendered":"\n<p>Jeste\u015bmy najwy\u017cej po\u0142o\u017con\u0105 farm\u0105 w Czechach. Prowadzimy dzia\u0142alno\u015b\u0107 rolnicz\u0105 na \u0142\u0105kach po\u0142o\u017conych na wysoko\u015bci do 1350 m n.p.m. Bouda Kl\u00ednovka znajduje si\u0119 na wysoko\u015bci 1227 m n.p.m., sk\u0105d rozci\u0105ga si\u0119 pi\u0119kny widok na dolin\u0119 potoku Kl\u00ednov\u00fd.<\/p>\n\n\n\n<p><\/p>\n","protected":false},"excerpt":{"rendered":"<p>Jeste\u015bmy najwy\u017cej po\u0142o\u017con\u0105 farm\u0105 w Czechach. Prowadzimy dzia\u0142alno\u015b\u0107 rolnicz\u0105 na \u0142\u0105kach po\u0142o\u017conych na wysoko\u015bci do 1350 m n.p.m. Bouda Kl\u00ednovka znajduje si\u0119 na wysoko\u015bci 1227 m n.p.m., sk\u0105d rozci\u0105ga si\u0119 pi\u0119kny widok na dolin\u0119 potoku Kl\u00ednov\u00fd.<\/p>\n","protected":false},"author":1,"featured_media":0,"parent":0,"menu_order":0,"comment_status":"closed","ping_status":"closed","template":"ranc.php","meta":{"_acf_changed":false,"footnotes":""},"class_list":["post-66","page","type-page","status-publish","hentry"],"acf":[],"_links":{"self":[{"href":"https:\/\/klinovka.com\/pl\/wp-json\/wp\/v2\/pages\/66","targetHints":{"allow":["GET"]}}],"collection":[{"href":"https:\/\/klinovka.com\/pl\/wp-json\/wp\/v2\/pages"}],"about":[{"href":"https:\/\/klinovka.com\/pl\/wp-json\/wp\/v2\/types\/page"}],"author":[{"embeddable":true,"href":"https:\/\/klinovka.com\/pl\/wp-json\/wp\/v2\/users\/1"}],"replies":[{"embeddable":true,"href":"https:\/\/klinovka.com\/pl\/wp-json\/wp\/v2\/comments?post=66"}],"version-history":[{"count":3,"href":"https:\/\/klinovka.com\/pl\/wp-json\/wp\/v2\/pages\/66\/revisions"}],"predecessor-version":[{"id":853,"href":"https:\/\/klinovka.com\/pl\/wp-json\/wp\/v2\/pages\/66\/revisions\/853"}],"wp:attachment":[{"href":"https:\/\/klinovka.com\/pl\/wp-json\/wp\/v2\/media?parent=66"}],"curies":[{"name":"wp","href":"https:\/\/api.w.org\/{rel}","templated":true}]}}