{"id":641,"date":"2023-04-29T14:25:16","date_gmt":"2023-04-29T12:25:16","guid":{"rendered":"https:\/\/klinovka.com\/pl\/?page_id=641"},"modified":"2025-12-06T13:21:01","modified_gmt":"2025-12-06T12:21:01","slug":"rezerwacja-zakwaterowania","status":"publish","type":"page","link":"https:\/\/klinovka.com\/pl\/rezerwacja-zakwaterowania\/","title":{"rendered":"Rezerwacja zakwaterowania"},"content":{"rendered":"\n<p>Staramy si\u0119 rozwi\u0105zywa\u0107 wszystkie sprawy indywidualnie, jednak prosimy o zapoznanie si\u0119 z poni\u017cszymi informacjami. Opr\u00f3cz chatki dbamy r\u00f3wnie\u017c o gospodarstwo i zwierz\u0119ta, kt\u00f3re tu z nami mieszkaj\u0105. Prosimy o przestrzeganie obowi\u0105zuj\u0105cych u nas zasad. Staramy si\u0119 zapewni\u0107 maksymaln\u0105 opiek\u0119 i komfort zar\u00f3wno Pa\u0144stwu, odwiedzaj\u0105cym, w\u0119drowcom i d\u0142ugoterminowym wczasowiczom, jak i naszym zwierz\u0119tom i gospodarstwu.<\/p>\n","protected":false},"excerpt":{"rendered":"<p>Staramy si\u0119 rozwi\u0105zywa\u0107 wszystkie sprawy indywidualnie, jednak prosimy o zapoznanie si\u0119 z poni\u017cszymi informacjami. Opr\u00f3cz chatki dbamy r\u00f3wnie\u017c o gospodarstwo i zwierz\u0119ta, kt\u00f3re tu z nami mieszkaj\u0105. Prosimy o przestrzeganie obowi\u0105zuj\u0105cych u nas zasad. Staramy si\u0119 zapewni\u0107 maksymaln\u0105 opiek\u0119 i komfort zar\u00f3wno Pa\u0144stwu, odwiedzaj\u0105cym, w\u0119drowcom i d\u0142ugoterminowym wczasowiczom, jak i naszym zwierz\u0119tom i gospodarstwu.<\/p>\n","protected":false},"author":1,"featured_media":0,"parent":0,"menu_order":0,"comment_status":"closed","ping_status":"closed","template":"rezervace.php","meta":{"_acf_changed":false,"footnotes":""},"class_list":["post-641","page","type-page","status-publish","hentry"],"acf":[],"_links":{"self":[{"href":"https:\/\/klinovka.com\/pl\/wp-json\/wp\/v2\/pages\/641","targetHints":{"allow":["GET"]}}],"collection":[{"href":"https:\/\/klinovka.com\/pl\/wp-json\/wp\/v2\/pages"}],"about":[{"href":"https:\/\/klinovka.com\/pl\/wp-json\/wp\/v2\/types\/page"}],"author":[{"embeddable":true,"href":"https:\/\/klinovka.com\/pl\/wp-json\/wp\/v2\/users\/1"}],"replies":[{"embeddable":true,"href":"https:\/\/klinovka.com\/pl\/wp-json\/wp\/v2\/comments?post=641"}],"version-history":[{"count":2,"href":"https:\/\/klinovka.com\/pl\/wp-json\/wp\/v2\/pages\/641\/revisions"}],"predecessor-version":[{"id":854,"href":"https:\/\/klinovka.com\/pl\/wp-json\/wp\/v2\/pages\/641\/revisions\/854"}],"wp:attachment":[{"href":"https:\/\/klinovka.com\/pl\/wp-json\/wp\/v2\/media?parent=641"}],"curies":[{"name":"wp","href":"https:\/\/api.w.org\/{rel}","templated":true}]}}