{"id":64,"date":"2020-05-06T16:09:25","date_gmt":"2020-05-06T14:09:25","guid":{"rendered":"https:\/\/michalhancil.cz\/test\/klinovkanew\/?page_id=64"},"modified":"2025-12-07T13:50:36","modified_gmt":"2025-12-07T12:50:36","slug":"ogolne-warunki-handlowe","status":"publish","type":"page","link":"https:\/\/klinovka.com\/pl\/ogolne-warunki-handlowe\/","title":{"rendered":"Og\u00f3lne warunki handlowe"},"content":{"rendered":"\n<h2 class=\"wp-block-heading\"><strong>CZ\u0118\u015a\u0106 I.<\/strong><\/h2>\n\n\n\n<p><strong>Kl\u00ednov\u00e9 Boudy s.r.o.<\/strong><strong><br><\/strong><strong>P\u0159edn\u00ed Labsk\u00e1 86<\/strong><strong><br><\/strong><strong>543 51 \u0160pindler\u016fv Ml\u00fdn<\/strong><strong><br><\/strong><strong>I\u010c: 08980136 | DI\u010c: CZ 08980136<\/strong><\/p>\n\n\n\n<p>Osoba odpowiedzialna: <strong>Franti\u0161ek Z\u00e1le\u0161\u00e1k<\/strong><\/p>\n\n\n\n<h3 class=\"wp-block-heading\">1. Rezerwacja zakwaterowania i innych us\u0142ug<\/h3>\n\n\n\n<p>Rezerwacja zakwaterowania i innych us\u0142ug Rezerwacja zakwaterowania i innych us\u0142ug w schronisku Bouda Kl\u00ednovka oraz potwierdzenie tej rezerwacji przez osob\u0119 odpowiedzialn\u0105 jest mo\u017cliwe w formie pisemnej, tj. za po\u015brednictwem system\u00f3w rezerwacyjnych schroniska Bouda Kl\u00ednovka na stronach https:\/\/klinovka.com\/pl\/rezervace\/#rezervace, www.hotel.cz, www.penzion.cz lub poczt\u0105 elektroniczn\u0105 na adres: recepce@klinovka.com lub za po\u015brednictwem strony www.booking.com. Za potwierdzenie rezerwacji uznaje si\u0119 automatyczne potwierdzenie e-mailowe wygenerowane przez odpowiedni system rezerwacji online lub potwierdzenie e-mailowe od osoby odpowiedzialnej. Rezerwacja wymaga przedp\u0142aty 100% koszt\u00f3w zakwaterowania, o ile kt\u00f3ry\u015b z system\u00f3w rezerwacyjnych nie podaje innych warunk\u00f3w. Rezerwacja zostanie potwierdzona dopiero po dokonaniu p\u0142atno\u015bci. Rezerwacja i p\u0142atno\u015b\u0107 koszt\u00f3w zakwaterowania za po\u015brednictwem systemu rezerwacyjnego Booking.com podlegaj\u0105 zasadom tego systemu rezerwacyjnego.<\/p>\n\n\n\n<h3 class=\"wp-block-heading\">2. Anulowanie lub zmiana rezerwacji zakwaterowania i innych us\u0142ug<\/h3>\n\n\n\n<p>Anulowanie lub zmiana op\u0142aconej rezerwacji zgodnie z punktem 1 jest mo\u017cliwa na 14 dni lub wcze\u015bniej przed planowanym rozpocz\u0119ciem pobytu w przypadku pobyt\u00f3w na dwie noce i d\u0142u\u017cszych. Anulowanie lub zmiana op\u0142aconej rezerwacji zgodnie z punktem 1 nie jest mo\u017cliwa w przypadku rezerwacji na jedn\u0105 noc. Rezerwacj\u0119 mo\u017cna bezp\u0142atnie przenie\u015b\u0107 na inn\u0105 osob\u0119. Pro\u015bby o anulowanie terminu lub zmiany osoby zakwaterowanej prosimy kierowa\u0107 na adres storno@klinovka.com. Procedura opisana w punkcie 2 powy\u017cej nie ma zastosowania do rezerwacji dokonanych za po\u015brednictwem systemu rezerwacyjnego Booking.com. Anulowanie lub zmiany rezerwacji podlegaj\u0105 zasadom Booking.com.<\/p>\n\n\n\n<h3 class=\"wp-block-heading\">3. Klient nie dojecha\u0142<\/h3>\n\n\n\n<p>Je\u015bli klient nie zamelduje si\u0119 w zarezerwowanym terminie, rezerwacja zostanie anulowana bez zwrotu poniesionych koszt\u00f3w. Zameldowanie w zarezerwowanym terminie oznacza dzie\u0144 przyjazdu do godziny 20:00. P\u00f3\u017aniejszy termin przyjazdu mo\u017cna indywidualnie uzgodni\u0107 na pi\u015bmie pod adresem info@klinovka.com. Potwierdzeniem p\u00f3\u017aniejszego terminu zakwaterowania jest potwierdzenie e-mailowe od osoby odpowiedzialnej. W\u0142a\u015bciciel obiektu noclegowego zastrzega sobie prawo do odmowy zakwaterowania klienta bez podania przyczyny, w szczeg\u00f3lno\u015bci w przypadku p\u00f3\u017anego przyjazdu (po godz. 20:00). W takim przypadku rezerwacja zostanie anulowana bez zwrotu poniesionych koszt\u00f3w. Zasady dotycz\u0105ce nieprzybycia w przypadku rezerwacji dokonanych za po\u015brednictwem serwisu Booking.com podlegaj\u0105 zasadom tego portalu.<\/p>\n\n\n\n<h3 class=\"wp-block-heading\">4. Czas zameldowania (check-in) i wymeldowania (check-out)<\/h3>\n\n\n\n<p>Zameldowanie (check-in) jest mo\u017cliwe od godziny <strong>16:00 do 20:00<\/strong>. W przypadku przyjazdu po godzinie 20:00 obowi\u0105zuj\u0105 powy\u017csze zasady. Wcze\u015bniejsze zameldowanie (early check-in) jest mo\u017cliwe, je\u015bli zarezerwowany pok\u00f3j jest dost\u0119pny, i to bezp\u0142atnie po uzgodnieniu z recepcj\u0105 Boudy Kl\u00ednovka.<\/p>\n\n\n\n<p>Go\u015b\u0107 jest zobowi\u0105zany do opuszczenia pokoju (check-out) ostatniego dnia wa\u017cnej rezerwacji do godziny 10:00. P\u00f3\u017aniejsze opuszczenie pokoju jest mo\u017cliwe tylko po uprzednim uzgodnieniu z recepcj\u0105.<\/p>\n\n\n\n<p>Niniejsze og\u00f3lne warunki handlowe obowi\u0105zuj\u0105 od <strong>1 stycznia 2025 r.<\/strong><\/p>\n\n\n\n<h2 class=\"wp-block-heading\"><strong>CZ\u0118\u015a\u0106 II. \u2013 ZASADY OCHRONY DANYCH OSOBOWYCH<\/strong><\/h2>\n\n\n\n<p>Niniejszym informujemy Pa\u0144stwa, u\u017cytkownik\u00f3w naszej strony internetowej www.klinovka.com, klient\u00f3w, dostawc\u00f3w, jako operator Boudy Kl\u00ednovka, Franti\u0161ek Z\u00e1le\u0161\u00e1k, I\u010c: 28260678, z siedzib\u0105 w P\u0159edn\u00ed Labsk\u00e1 86, 543 51 \u0160pindler\u016fv Ml\u00fdn wraz z ca\u0142ym personelem, informujemy o opisanym poni\u017cej gromadzeniu danych osobowych i zasadach ochrony prywatno\u015bci.<\/p>\n\n\n\n<p>Zasady te maj\u0105 zastosowanie w przypadku korzystania z naszych us\u0142ug, przegl\u0105dania naszej strony internetowej lub kontaktowania si\u0119 z nami w jeden z mo\u017cliwych sposob\u00f3w, czyli przede wszystkim telefonicznie lub za po\u015brednictwem poczty elektronicznej.<\/p>\n\n\n\n<p>Kiedy korzystaj\u0105 Pa\u0144stwo z naszych us\u0142ug, wa\u017cne jest dla nas, aby przetwarzanie Pa\u0144stwa danych by\u0142o dla Pa\u0144stwa ca\u0142kowicie zrozumia\u0142e i przejrzyste oraz aby znali Pa\u0144stwo wszystkie swoje prawa.<\/p>\n\n\n\n<p>W niniejszej Polityce prywatno\u015bci (zwanej dalej \u201ePolityk\u0105\u201d) wyja\u015bniamy:<\/p>\n\n\n\n<ul class=\"wp-block-list\">\n<li><strong>Jakie informacje gromadzimy i w jaki spos\u00f3b;<\/strong><\/li>\n\n\n\n<li><strong>W jaki spos\u00f3b wykorzystujemy zgromadzone informacje i na jakiej podstawie prawnej;<\/strong><\/li>\n\n\n\n<li><strong>Jak d\u0142ugo przetwarzamy zgromadzone informacje;<\/strong><\/li>\n\n\n\n<li><strong>Kto ma dost\u0119p do zgromadzonych informacji;<\/strong><\/li>\n\n\n\n<li><strong>Jakie prawa przys\u0142uguj\u0105 Pa\u0144stwu w odniesieniu do zgromadzonych informacji i jak z nich skorzysta\u0107.<\/strong><\/li>\n<\/ul>\n\n\n\n<p>Je\u015bli potrzebujesz wyja\u015bnienia jakiejkolwiek cz\u0119\u015bci tekstu, porady lub om\u00f3wienia dalszego przetwarzania Twoich danych osobowych, mo\u017cesz skontaktowa\u0107 si\u0119 z nami w dowolnym momencie pod adresem e-mailowym <strong>recepce@klinovka.com<\/strong>.<\/p>\n\n\n\n<h3 class=\"wp-block-heading\">1. JAKIE INFORMACJE GROMADZIMY I W JAKI SPOS\u00d3B JE GROMADZIMY<\/h3>\n\n\n\n<p>Gromadzimy nast\u0119puj\u0105ce informacje:<\/p>\n\n\n\n<p>Informacje, kt\u00f3re nam przekazujesz. S\u0105 to Twoje dane osobowe, kt\u00f3re nam przekazujesz, gdy si\u0119 z nami kontaktujesz lub jeste\u015b zainteresowany naszymi us\u0142ugami. Dane te zazwyczaj przekazujesz nam, wype\u0142niaj\u0105c i wysy\u0142aj\u0105c formularz na naszej stronie internetowej, zamawiaj\u0105c nasze us\u0142ugi za po\u015brednictwem poczty elektronicznej lub przyje\u017cd\u017caj\u0105c do nas na pobyt. S\u0105 to na przyk\u0142ad imi\u0119, nazwisko, adres e-mail, numer telefonu lub nazwa organizacji, kt\u00f3r\u0105 reprezentujesz.<\/p>\n\n\n\n<p>Informacje, kt\u00f3re uzyskujemy, gdy korzystasz z naszych us\u0142ug. Mo\u017cemy gromadzi\u0107 informacje o tym, w jaki spos\u00f3b korzystasz z naszych us\u0142ug, jak jeste\u015b z nich zadowolony i czy podoba\u0142 Ci si\u0119 pobyt u nas.<\/p>\n\n\n\n<p>Je\u015bli zamierzaj\u0105 Pa\u0144stwo zatrzyma\u0107 si\u0119 u nas wraz z dzie\u0107mi poni\u017cej 16 roku \u017cycia, kt\u00f3re s\u0105 Pa\u0144stwa dzie\u0107mi lub zosta\u0142y Pa\u0144stwu powierzone, b\u0119dziemy przetwarza\u0107 r\u00f3wnie\u017c ich dane osobowe w takim samym zakresie i w takich samych celach, jak w przypadku os\u00f3b doros\u0142ych.<\/p>\n\n\n\n<p>Pa\u0144stwa dane osobowe przetwarzamy zgodnie z powy\u017cszymi zasadami na podstawie wykonania wzajemnej umowy lub Pa\u0144stwa wniosku, na podstawie wype\u0142nienia naszych obowi\u0105zk\u00f3w prawnych, na podstawie naszego uzasadnionego interesu lub na podstawie Pa\u0144stwa ewentualnej zgody udzielonej na konkretne przetwarzanie. Przed wykorzystaniem informacji do cel\u00f3w, kt\u00f3re nie s\u0105 wymienione w niniejszych zasadach, zawsze oceniamy, czy wymagana jest Pa\u0144stwa zgoda. W takim przypadku poinformujemy Pa\u0144stwa o tym i poprosimy o zgod\u0119.<\/p>\n\n\n\n<p>Nasze uzasadnione interesy, na podstawie kt\u00f3rych przetwarzamy Pa\u0144stwa dane osobowe, opieraj\u0105 si\u0119 na naszych wzajemnych relacjach. Nasze uzasadnione interesy zwi\u0105zane z przetwarzaniem Pa\u0144stwa danych osobowych to w szczeg\u00f3lno\u015bci:<\/p>\n\n\n\n<ul class=\"wp-block-list\">\n<li><strong>Kontaktowanie si\u0119 z Pa\u0144stwem i przekazywanie informacji w ramach wzajemnych stosunk\u00f3w handlowych, w tym ewentualna realizacja marketingu bezpo\u015bredniego;<\/strong><\/li>\n\n\n\n<li><strong>Ulepszanie naszych us\u0142ug;<\/strong><\/li>\n\n\n\n<li><strong>Promowanie naszych us\u0142ug;<\/strong><\/li>\n\n\n\n<li><strong>Prowadzenie ewidencji dotycz\u0105cej Pa\u0144stwa sytuacji ekonomicznej;<\/strong><\/li>\n\n\n\n<li><strong>Skuteczne \u015bwiadczenie us\u0142ug obs\u0142ugi klienta;<\/strong><\/li>\n\n\n\n<li><strong>Ochrona naszych i Pa\u0144stwa roszcze\u0144 prawnych.<\/strong><\/li>\n<\/ul>\n\n\n\n<p>Wykorzystujemy Pa\u0144stwa dane w naszej wewn\u0119trznej dokumentacji, w kt\u00f3rej prowadzimy rejestry dotycz\u0105ce miejsca przechowywania Pa\u0144stwa danych osobowych, sposob\u00f3w ich zabezpieczenia, tego, czy Pa\u0144stwa dane zosta\u0142y usuni\u0119te, kto je usun\u0105\u0142 i kiedy, aby\u015bmy mogli wykaza\u0107 nasz\u0105 zgodno\u015b\u0107 z przepisami prawa w zakresie ochrony danych osobowych, a jednocze\u015bnie wype\u0142nia\u0107 inne obowi\u0105zki wynikaj\u0105ce z innych przepis\u00f3w prawa.<\/p>\n\n\n\n<p>W ka\u017cdej chwili mog\u0105 Pa\u0144stwo odm\u00f3wi\u0107 przetwarzania swoich danych osobowych w celu wysy\u0142ania informacji handlowych, co nie b\u0119dzie mia\u0142o wp\u0142ywu na nasze inne wzajemne relacje. Je\u015bli nie s\u0105 Pa\u0144stwo pewni, czy wyrazili Pa\u0144stwo zgod\u0119 na wysy\u0142anie takich informacji, lub chc\u0105 j\u0105 wycofa\u0107, wystarczy wys\u0142a\u0107 nam wiadomo\u015b\u0107 e-mail z odpowiedni\u0105 pro\u015bb\u0105 na adres <strong>recepce@klinovka.com<\/strong> lub na inny adres, z kt\u00f3rego otrzymali Pa\u0144stwo od nas informacje handlowe. Wycofanie zgody nie ma wp\u0142ywu na zgodno\u015b\u0107 z prawem przetwarzania, kt\u00f3re mia\u0142o miejsce przed wycofaniem zgody. Pa\u0144stwa dane osobowe nie b\u0119d\u0105 wykorzystywane do cel\u00f3w jakiegokolwiek zautomatyzowanego podejmowania decyzji, w tym profilowania.<\/p>\n\n\n\n<p>Przet\u0142umaczono z DeepL.com (wersja darmowa)<\/p>\n\n\n\n<h3 class=\"wp-block-heading\">2. JAK D\u0141UGO PRZETWARZAMY ZEBRANE INFORMACJE<\/h3>\n\n\n\n<p>Twoje dane osobowe s\u0105 wykorzystywane wy\u0142\u0105cznie przez okres niezb\u0119dny do realizacji celu, dla kt\u00f3rego zosta\u0142y zebrane.<\/p>\n\n\n\n<h3 class=\"wp-block-heading\">3. KTO MA DOST\u0118P DO INFORMACJI<\/h3>\n\n\n\n<p>Dbamy o ochron\u0119 danych osobowych i nigdy nie sprzedajemy baz danych zawieraj\u0105cych dane osobowe. Dane osobowe przekazujemy stronom trzecim wy\u0142\u0105cznie w wy\u017cej wymienionych celach i tylko w niezb\u0119dnym zakresie.<\/p>\n\n\n\n<p>W celu poprawy jako\u015bci naszych us\u0142ug i zapewnienia niekt\u00f3rych dzia\u0142a\u0144 Pa\u0144stwa dane osobowe b\u0119d\u0105 przetwarzane przez podmioty, kt\u00f3re nam je przekazuj\u0105.<\/p>\n\n\n\n<ul class=\"wp-block-list\">\n<li><strong>Us\u0142ugi serwerowe, internetowe, chmurowe lub informatyczne;<\/strong><\/li>\n\n\n\n<li><strong>Us\u0142ugi ksi\u0119gowe<\/strong><\/li>\n<\/ul>\n\n\n\n<p>Pa\u0144stwa dane osobowe przetwarzamy wy\u0142\u0105cznie na terytorium Unii Europejskiej lub Europejskiego Obszaru Gospodarczego.<\/p>\n\n\n\n<p>Je\u015bli przekazujemy Pa\u0144stwa dane osobowe osobom trzecim, zawsze robimy to na podstawie odpowiedniej umowy z tymi osobami, aby\u015bmy mogli kontrolowa\u0107, w jaki spos\u00f3b osoby trzecie post\u0119puj\u0105 z Pa\u0144stwa danymi osobowymi.<\/p>\n\n\n\n<h3 class=\"wp-block-heading\">4. JAK ZABEZPIECZAMY TWOJE DANE OSOBOWE<\/h3>\n\n\n\n<p>Jeste\u015bmy \u015bwiadomi, \u017ce zapewnienie bezpiecze\u0144stwa danych osobowych, tak aby nie dosz\u0142o do ich nadu\u017cycia, jest naszym wa\u017cnym obowi\u0105zkiem wobec Pa\u0144stwa. Dlatego staramy si\u0119 skutecznie stosowa\u0107 najlepsze mo\u017cliwe \u015brodki bezpiecze\u0144stwa, aby zapobiec nadu\u017cyciu lub innej nieuprawnionej ingerencji w Pa\u0144stwa dane osobowe. W ramach naszej dzia\u0142alno\u015bci do\u0142o\u017cymy wszelkich stara\u0144, aby nie dosz\u0142o do takiego incydentu bezpiecze\u0144stwa, w szczeg\u00f3lno\u015bci b\u0119dziemy regularnie szkoli\u0107 wszystkich naszych pracownik\u00f3w maj\u0105cych kontakt z Pa\u0144stwa danymi osobowymi , przyjmiemy i zapoznamy pracownik\u00f3w z wewn\u0119trznymi przepisami firmowymi reguluj\u0105cymi ochron\u0119 Pa\u0144stwa danych osobowych oraz zawsze b\u0119dziemy stosowa\u0107 nowoczesne rozwi\u0105zania techniczne w celu zabezpieczenia naszego przetwarzania danych.<\/p>\n\n\n\n<p>Je\u015bli jednak pomimo naszych najlepszych stara\u0144 dojdzie do incydentu zwi\u0105zanego z bezpiecze\u0144stwem, kt\u00f3ry mo\u017ce stanowi\u0107 wysokie ryzyko dla Pa\u0144stwa praw i wolno\u015bci, niezw\u0142ocznie poinformujemy Pa\u0144stwa o tym fakcie za po\u015brednictwem podanego adresu e-mail oraz poprzez opublikowanie takiej informacji na naszej stronie internetowej wraz ze wszystkimi niezb\u0119dnymi szczeg\u00f3\u0142ami.<\/p>\n\n\n\n<p>W celu zapewnienia bezpiecze\u0144stwa Pa\u0144stwa danych osobowych podj\u0119li\u015bmy nast\u0119puj\u0105ce dzia\u0142ania:<\/p>\n\n\n\n<ul class=\"wp-block-list\">\n<li>Bezpiecze\u0144stwo organizacyjne. K\u0142adziemy nacisk na zabezpieczenie Pa\u0144stwa danych osobowych przed ryzykiem zwi\u0105zanym z czynnikiem ludzkim, w szczeg\u00f3lno\u015bci:\n<ul class=\"wp-block-list\">\n<li>Przyj\u0119li\u015bmy i stosujemy wytyczne i dokumenty dotycz\u0105ce bezpiecze\u0144stwa wewn\u0119trznego;<\/li>\n\n\n\n<li>Regularnie zapewniamy szkolenia dla pracownik\u00f3w i innych os\u00f3b zatrudnionych w zakresie zasad post\u0119powania z danymi osobowymi i ryzyka zwi\u0105zanego z bezpiecze\u0144stwem informacji;<\/li>\n\n\n\n<li>Uregulowali\u015bmy umownie odpowiedzialno\u015b\u0107 pracownik\u00f3w, wsp\u00f3\u0142pracownik\u00f3w zewn\u0119trznych, dostawc\u00f3w i innych stron trzecich maj\u0105cych dost\u0119p do Pa\u0144stwa danych osobowych;<\/li>\n\n\n\n<li>Przyj\u0119li\u015bmy i utrzymujemy standardowe procesy dotycz\u0105ce pracy z Pa\u0144stwa danymi osobowymi.<\/li>\n<\/ul>\n<\/li>\n\n\n\n<li>\u015arodki techniczne. Wdro\u017cyli\u015bmy wa\u017cne \u015brodki techniczne w celu zapewnienia bezpiecze\u0144stwa Pa\u0144stwa danych osobowych, w szczeg\u00f3lno\u015bci:\n<ul class=\"wp-block-list\">\n<li>Dost\u0119p do system\u00f3w zawieraj\u0105cych dane osobowe tylko za pomoc\u0105 has\u0142a;<\/li>\n\n\n\n<li>Regularna konserwacja urz\u0105dze\u0144, na kt\u00f3rych b\u0119d\u0105 przechowywane dane;<\/li>\n\n\n\n<li>Zapewnienie ochrony za pomoc\u0105 programu antywirusowego, zapory sieciowej, \u015brodk\u00f3w zapobiegaj\u0105cych dost\u0119powi os\u00f3b nieuprawnionych do danych osobowych i \u015brodk\u00f3w s\u0142u\u017c\u0105cych do ich przetwarzania;<\/li>\n<\/ul>\n<\/li>\n<\/ul>\n\n\n\n<h3 class=\"wp-block-heading\">5. JAKIE S\u0104 TWOJE PRAWA W ZAKRESIE OCHRONY DANYCH OSOBOWYCH<\/h3>\n\n\n\n<p>W zwi\u0105zku z przetwarzaniem przez nas Pa\u0144stwa danych osobowych przys\u0142uguj\u0105 Pa\u0144stwu nast\u0119puj\u0105ce prawa:<\/p>\n\n\n\n<ul class=\"wp-block-list\">\n<li><strong>Prawo dost\u0119pu do danych osobowych;<\/strong><\/li>\n\n\n\n<li><strong>Prawo do sprostowania danych;<\/strong><\/li>\n\n\n\n<li><strong>Prawo do usuni\u0119cia danych (\u201eprawo do bycia zapomnianym\u201d);<\/strong><\/li>\n\n\n\n<li><strong>Prawo do ograniczenia przetwarzania danych;<\/strong><\/li>\n\n\n\n<li><strong>Prawo do wniesienia sprzeciwu wobec przetwarzania danych;<\/strong><\/li>\n\n\n\n<li><strong>Prawo do przenoszenia danych;<\/strong><\/li>\n\n\n\n<li><strong>Prawo do wniesienia skargi dotycz\u0105cej przetwarzania danych osobowych.<\/strong><\/li>\n<\/ul>\n\n\n\n<p>Twoje prawa zosta\u0142y wyja\u015bnione poni\u017cej, aby\u015b m\u00f3g\u0142\/mog\u0142a lepiej zrozumie\u0107 ich tre\u015b\u0107.<\/p>\n\n\n\n<p>Prawo dost\u0119pu oznacza, \u017ce w dowolnym momencie mog\u0105 Pa\u0144stwo zwr\u00f3ci\u0107 si\u0119 do nas z pro\u015bb\u0105 o potwierdzenie, czy dane osobowe, kt\u00f3re Pa\u0144stwa dotycz\u0105, s\u0105 przetwarzane, a je\u015bli tak, to w jakim celu, w jakim zakresie, komu s\u0105 udost\u0119pniane, jak d\u0142ugo b\u0119dziemy je przetwarza\u0107, czy maj\u0105 Pa\u0144stwo prawo do ich sprostowania, usuni\u0119cia, ograniczenia przetwarzania lub wniesienia sprzeciwu, sk\u0105d uzyskali\u015bmy dane osobowe i czy na podstawie przetwarzania Twoich danych osobowych dochodzi do automatycznego podejmowania decyzji, w tym ewentualnego profilowania. Masz r\u00f3wnie\u017c prawo do uzyskania kopii swoich danych osobowych, przy czym pierwsze udost\u0119pnienie jest bezp\u0142atne, a za kolejne udost\u0119pnienie mo\u017cemy za\u017c\u0105da\u0107 odpowiedniej op\u0142aty administracyjnej w wysoko\u015bci 100 CZK.<\/p>\n\n\n\n<p>Prawo do sprostowania oznacza, \u017ce w dowolnym momencie mo\u017cesz zwr\u00f3ci\u0107 si\u0119 do nas z pro\u015bb\u0105 o sprostowanie lub uzupe\u0142nienie swoich danych osobowych, je\u015bli s\u0105 one nieprawid\u0142owe lub niekompletne.<\/p>\n\n\n\n<p>Prawo do usuni\u0119cia oznacza, \u017ce musimy usun\u0105\u0107 Twoje dane osobowe, je\u015bli (i) nie s\u0105 one ju\u017c potrzebne do cel\u00f3w, dla kt\u00f3rych zosta\u0142y zebrane lub w inny spos\u00f3b przetworzone, (ii) przetwarzanie jest niezgodne z prawem, (iii) wniesiesz sprzeciw wobec przetwarzania i nie istniej\u0105 \u017cadne nadrz\u0119dne uzasadnione powody przetwarzania, (iv) nak\u0142ada to na nas obowi\u0105zek prawny lub (v) w odniesieniu do danych osobowych, na kt\u00f3rych przetwarzanie wyrazi\u0142e\u015b zgod\u0119, wycofasz t\u0119 zgod\u0119.<\/p>\n\n\n\n<p>Prawo do ograniczenia przetwarzania oznacza, \u017ce dop\u00f3ki nie rozstrzygniemy wszelkich spornych kwestii dotycz\u0105cych przetwarzania Pa\u0144stwa danych osobowych, nie mo\u017cemy przetwarza\u0107 Pa\u0144stwa danych osobowych w inny spos\u00f3b ni\u017c poprzez ich przechowywanie i ewentualne wykorzystanie wy\u0142\u0105cznie za Pa\u0144stwa zgod\u0105 lub w celu ustalenia, wykonania lub obrony roszcze\u0144 prawnych.<\/p>\n\n\n\n<p>Prawo do wniesienia sprzeciwu oznacza, \u017ce mo\u017cesz wnie\u015b\u0107 sprzeciw wobec przetwarzania Twoich danych osobowych, kt\u00f3re przetwarzamy w celu realizacji zada\u0144 le\u017c\u0105cych w interesie publicznym, w ramach wykonywania w\u0142adzy publicznej, w celach marketingu bezpo\u015bredniego lub z powodu uzasadnionego interesu, w tym profilowania opartego na naszym uzasadnionym interesie. Je\u015bli zg\u0142osisz sprzeciw wobec przetwarzania danych do cel\u00f3w marketingu bezpo\u015bredniego, Twoje dane osobowe nie b\u0119d\u0105 ju\u017c przetwarzane do tych cel\u00f3w. W przypadku sprzeciwu wobec przetwarzania danych opartego na innych powodach, sprzeciw ten zostanie rozpatrzony, a nast\u0119pnie poinformujemy Ci\u0119, czy zosta\u0142 on uwzgl\u0119dniony i nie b\u0119dziemy dalej przetwarza\u0107 Twoich danych, czy te\u017c sprzeciw by\u0142 nieuzasadniony i przetwarzanie danych b\u0119dzie kontynuowane. W ka\u017cdym razie, do czasu rozstrzygni\u0119cia sprzeciwu, przetwarzanie danych zostanie ograniczone.<\/p>\n\n\n\n<p>Prawo do przenoszenia danych oznacza, \u017ce maj\u0105 Pa\u0144stwo prawo do uzyskania danych osobowych, kt\u00f3re Pa\u0144stwa dotycz\u0105 i kt\u00f3re nam Pa\u0144stwo przekazali na podstawie zgody lub umowy, a kt\u00f3re s\u0105 jednocze\u015bnie przetwarzane w spos\u00f3b zautomatyzowany, w ustrukturyzowanym, powszechnie u\u017cywanym formacie nadaj\u0105cym si\u0119 do odczytu maszynowego, oraz prawo do przekazania tych danych osobowych bezpo\u015brednio innemu administratorowi.<\/p>\n\n\n\n<p>Je\u015bli masz uwagi lub skargi dotycz\u0105ce ochrony danych osobowych lub pytania do osoby odpowiedzialnej za ochron\u0119 danych w naszej firmie lub chcesz skorzysta\u0107 z niekt\u00f3rych swoich praw, skontaktuj si\u0119 z nasz\u0105 osob\u0105 odpowiedzialn\u0105 pod adresem e-mail: recepce@klinovka.com. Odpowiemy na Twoje pytania lub uwagi w ci\u0105gu jednego miesi\u0105ca.<\/p>\n\n\n\n<p>Nasza dzia\u0142alno\u015b\u0107 jest r\u00f3wnie\u017c nadzorowana przez Urz\u0105d Ochrony Danych Osobowych, do kt\u00f3rego mog\u0105 Pa\u0144stwo z\u0142o\u017cy\u0107 skarg\u0119 w przypadku niezadowolenia. Wi\u0119cej informacji mo\u017cna znale\u017a\u0107 na stronie internetowej urz\u0119du (www.uoou.cz).<\/p>\n\n\n\n<h4 class=\"wp-block-heading\">ZMIANY ZASAD<\/h4>\n\n\n\n<p>Nasza Polityka mo\u017ce ulega\u0107 zmianom. Wszelkie zmiany w polityce prywatno\u015bci b\u0119d\u0105 publikowane na naszej stronie internetowej, a w przypadku istotnych zmian poinformujemy Pa\u0144stwa o tym szczeg\u00f3\u0142owo (w przypadku niekt\u00f3rych us\u0142ug mo\u017cemy powiadamia\u0107 o zmianach w Polityce za po\u015brednictwem poczty elektronicznej). Poprzednie wersje niniejszej Polityki archiwizujemy, aby\u015bcie mieli do nich dost\u0119p r\u00f3wnie\u017c w przysz\u0142o\u015bci.<\/p>\n\n\n\n<p>Niniejsze zasady obowi\u0105zuj\u0105 od dnia <strong>1 wrze\u015bnia 2020 r.<\/strong><\/p>\n\n\n\n<p><\/p>\n","protected":false},"excerpt":{"rendered":"<p>CZ\u0118\u015a\u0106 I. Kl\u00ednov\u00e9 Boudy s.r.o.P\u0159edn\u00ed Labsk\u00e1 86543 51 \u0160pindler\u016fv Ml\u00fdnI\u010c: 08980136 | DI\u010c: CZ 08980136 Osoba odpowiedzialna: Franti\u0161ek Z\u00e1le\u0161\u00e1k 1. Rezerwacja zakwaterowania i innych us\u0142ug Rezerwacja zakwaterowania i innych us\u0142ug Rezerwacja zakwaterowania i innych us\u0142ug w schronisku Bouda Kl\u00ednovka oraz potwierdzenie tej rezerwacji przez osob\u0119 odpowiedzialn\u0105 jest mo\u017cliwe w formie pisemnej, tj. za po\u015brednictwem system\u00f3w [&hellip;]<\/p>\n","protected":false},"author":1,"featured_media":0,"parent":0,"menu_order":0,"comment_status":"closed","ping_status":"closed","template":"","meta":{"_acf_changed":false,"footnotes":""},"class_list":["post-64","page","type-page","status-publish","hentry"],"acf":[],"_links":{"self":[{"href":"https:\/\/klinovka.com\/pl\/wp-json\/wp\/v2\/pages\/64","targetHints":{"allow":["GET"]}}],"collection":[{"href":"https:\/\/klinovka.com\/pl\/wp-json\/wp\/v2\/pages"}],"about":[{"href":"https:\/\/klinovka.com\/pl\/wp-json\/wp\/v2\/types\/page"}],"author":[{"embeddable":true,"href":"https:\/\/klinovka.com\/pl\/wp-json\/wp\/v2\/users\/1"}],"replies":[{"embeddable":true,"href":"https:\/\/klinovka.com\/pl\/wp-json\/wp\/v2\/comments?post=64"}],"version-history":[{"count":2,"href":"https:\/\/klinovka.com\/pl\/wp-json\/wp\/v2\/pages\/64\/revisions"}],"predecessor-version":[{"id":873,"href":"https:\/\/klinovka.com\/pl\/wp-json\/wp\/v2\/pages\/64\/revisions\/873"}],"wp:attachment":[{"href":"https:\/\/klinovka.com\/pl\/wp-json\/wp\/v2\/media?parent=64"}],"curies":[{"name":"wp","href":"https:\/\/api.w.org\/{rel}","templated":true}]}}