{"id":51,"date":"2020-05-06T16:04:04","date_gmt":"2020-05-06T14:04:04","guid":{"rendered":"https:\/\/michalhancil.cz\/test\/klinovkanew\/?page_id=51"},"modified":"2025-12-06T13:22:27","modified_gmt":"2025-12-06T12:22:27","slug":"historia-schroniska","status":"publish","type":"page","link":"https:\/\/klinovka.com\/pl\/historia-schroniska\/","title":{"rendered":"Historia schroniska Bouda Kl\u00ednovka"},"content":{"rendered":"\n<p>Pierwotna Bouda Kl\u00ednovka zosta\u0142a za\u0142o\u017cona ju\u017c w 1676 roku w miejscu, gdzie podobno sta\u0142a pierwotna chatka zbudowana przez robotnik\u00f3w, kt\u00f3rzy przenosili rud\u0119 ze \u015awi\u0119tego Piotra do Dolnego Dworu, aby mieli gdzie schroni\u0107 si\u0119 przed z\u0142\u0105 pogod\u0105. Po\u0142o\u017cona od strony po\u0142udniowej czterdziestuhektarowa \u0142\u0105ka powsta\u0142a wi\u0119c podobno w XVII wieku jako zaplecze gospodarcze dla kopalni srebra w Svat\u00e9m Petrze.<\/p>\n","protected":false},"excerpt":{"rendered":"<p>Pierwotna Bouda Kl\u00ednovka zosta\u0142a za\u0142o\u017cona ju\u017c w 1676 roku w miejscu, gdzie podobno sta\u0142a pierwotna chatka zbudowana przez robotnik\u00f3w, kt\u00f3rzy przenosili rud\u0119 ze \u015awi\u0119tego Piotra do Dolnego Dworu, aby mieli gdzie schroni\u0107 si\u0119 przed z\u0142\u0105 pogod\u0105. Po\u0142o\u017cona od strony po\u0142udniowej czterdziestuhektarowa \u0142\u0105ka powsta\u0142a wi\u0119c podobno w XVII wieku jako zaplecze gospodarcze dla kopalni srebra w [&hellip;]<\/p>\n","protected":false},"author":1,"featured_media":0,"parent":0,"menu_order":0,"comment_status":"closed","ping_status":"closed","template":"historie.php","meta":{"_acf_changed":false,"footnotes":""},"class_list":["post-51","page","type-page","status-publish","hentry"],"acf":[],"_links":{"self":[{"href":"https:\/\/klinovka.com\/pl\/wp-json\/wp\/v2\/pages\/51","targetHints":{"allow":["GET"]}}],"collection":[{"href":"https:\/\/klinovka.com\/pl\/wp-json\/wp\/v2\/pages"}],"about":[{"href":"https:\/\/klinovka.com\/pl\/wp-json\/wp\/v2\/types\/page"}],"author":[{"embeddable":true,"href":"https:\/\/klinovka.com\/pl\/wp-json\/wp\/v2\/users\/1"}],"replies":[{"embeddable":true,"href":"https:\/\/klinovka.com\/pl\/wp-json\/wp\/v2\/comments?post=51"}],"version-history":[{"count":3,"href":"https:\/\/klinovka.com\/pl\/wp-json\/wp\/v2\/pages\/51\/revisions"}],"predecessor-version":[{"id":848,"href":"https:\/\/klinovka.com\/pl\/wp-json\/wp\/v2\/pages\/51\/revisions\/848"}],"wp:attachment":[{"href":"https:\/\/klinovka.com\/pl\/wp-json\/wp\/v2\/media?parent=51"}],"curies":[{"name":"wp","href":"https:\/\/api.w.org\/{rel}","templated":true}]}}