{"id":49,"date":"2020-05-06T16:03:37","date_gmt":"2020-05-06T14:03:37","guid":{"rendered":"https:\/\/michalhancil.cz\/test\/klinovkanew\/?page_id=49"},"modified":"2025-12-06T13:22:52","modified_gmt":"2025-12-06T12:22:52","slug":"bouda-klinovka","status":"publish","type":"page","link":"https:\/\/klinovka.com\/pl\/bouda-klinovka\/","title":{"rendered":"Bouda Kl\u00ednovka"},"content":{"rendered":"\n<p>Jeste\u015bmy najwy\u017cej po\u0142o\u017con\u0105 farm\u0105 w Czechach. Uprawiamy \u0142\u0105ki na wysoko\u015bci do 1350 m n.p.m. Bouda Kl\u00ednovka po\u0142o\u017cona jest na wysoko\u015bci 1227 m n.p.m., sk\u0105d rozci\u0105ga si\u0119 pi\u0119kny widok na dolin\u0119 potoku Kl\u00ednov\u00fd.<\/p>\n","protected":false},"excerpt":{"rendered":"<p>Jeste\u015bmy najwy\u017cej po\u0142o\u017con\u0105 farm\u0105 w Czechach. Uprawiamy \u0142\u0105ki na wysoko\u015bci do 1350 m n.p.m. Bouda Kl\u00ednovka po\u0142o\u017cona jest na wysoko\u015bci 1227 m n.p.m., sk\u0105d rozci\u0105ga si\u0119 pi\u0119kny widok na dolin\u0119 potoku Kl\u00ednov\u00fd.<\/p>\n","protected":false},"author":1,"featured_media":0,"parent":0,"menu_order":0,"comment_status":"closed","ping_status":"closed","template":"bouda.php","meta":{"_acf_changed":false,"footnotes":""},"class_list":["post-49","page","type-page","status-publish","hentry"],"acf":[],"_links":{"self":[{"href":"https:\/\/klinovka.com\/pl\/wp-json\/wp\/v2\/pages\/49","targetHints":{"allow":["GET"]}}],"collection":[{"href":"https:\/\/klinovka.com\/pl\/wp-json\/wp\/v2\/pages"}],"about":[{"href":"https:\/\/klinovka.com\/pl\/wp-json\/wp\/v2\/types\/page"}],"author":[{"embeddable":true,"href":"https:\/\/klinovka.com\/pl\/wp-json\/wp\/v2\/users\/1"}],"replies":[{"embeddable":true,"href":"https:\/\/klinovka.com\/pl\/wp-json\/wp\/v2\/comments?post=49"}],"version-history":[{"count":1,"href":"https:\/\/klinovka.com\/pl\/wp-json\/wp\/v2\/pages\/49\/revisions"}],"predecessor-version":[{"id":846,"href":"https:\/\/klinovka.com\/pl\/wp-json\/wp\/v2\/pages\/49\/revisions\/846"}],"wp:attachment":[{"href":"https:\/\/klinovka.com\/pl\/wp-json\/wp\/v2\/media?parent=49"}],"curies":[{"name":"wp","href":"https:\/\/api.w.org\/{rel}","templated":true}]}}