{"id":466,"date":"2020-05-06T15:34:06","date_gmt":"2020-05-06T13:34:06","guid":{"rendered":"https:\/\/michalhancil.cz\/test\/klinovkanew\/?page_id=3"},"modified":"2024-09-18T17:11:32","modified_gmt":"2024-09-18T15:11:32","slug":"privacy-policy-gdpr","status":"publish","type":"page","link":"https:\/\/klinovka.com\/en\/privacy-policy-gdpr\/","title":{"rendered":"Privacy policy &#8211; GDPR"},"content":{"rendered":"\n<p>The company Kl\u00ednov\u00e9 boudy Ltd, P\u0159edn\u00ed Labsk\u00e1 86, 543 51 \u0160pindler\u016fv Ml\u00fdn, I\u010c 08980136, DI\u010c CZ0898013, entered in the Commercial Register with the Regional Court in Hradec Kr\u00e1lov\u00e9, section C, file No. 45930, hereby informs about the basic principles of which Kl\u00ednov\u00e9 boudy Ltd, as the administrator of personal data in connection with the provision of its accommodation services, handles the personal data of its clients in the sense of \u00a7 4 letter j) of Act No. 101\/2000 coll., on the protection of personal data (hereinafter referred to as \u201cZOO\u00da\u201d) and in connection with REGULATION (EU) 2016\/679 OF THE EUROPEAN PARLIAMENT AND OF THE COUNCIL of 27 April 2016 on the protection of individuals with regard to processing of personal data and on the free movement of such data and repealing Directive 95\/46 \/ EC (General Data Protection Regulation &#8211; GDPR). The legal basis for the processing imposed on the accommodation establishment by law or other legal norm &#8211; this is the processing carried out on the basis of the legal reason referred to in Article 6 (1) (a). c) GDPR, i.e. processing necessary. Kl\u00ednov\u00e9 boudy Ltd as a controller of personal data (hereinafter also referred to as the &#8222;administrator&#8220;) in connection with the provision of accommodation services requires the provision of the following personal data of accommodated persons (data subjects):<\/p>\n\n\n\n<ol class=\"wp-block-list\">\n<li><strong>&nbsp;&nbsp;&nbsp; Name and surname<\/strong><\/li>\n\n\n\n<li><strong>&nbsp;&nbsp;&nbsp; Address of the place of permanent residence or place of permanent residence abroad<\/strong><\/li>\n\n\n\n<li><strong>&nbsp;&nbsp;&nbsp; Birthdate<\/strong><\/li>\n\n\n\n<li><strong>&nbsp;&nbsp;&nbsp; ID card or travel document number<\/strong><\/li>\n\n\n\n<li><strong>&nbsp;&nbsp;&nbsp; Citizenship<\/strong><\/li>\n\n\n\n<li><strong>&nbsp;&nbsp;&nbsp; Email address<\/strong><\/li>\n\n\n\n<li><strong>&nbsp;&nbsp;&nbsp; Telephone contact<\/strong><\/li>\n<\/ol>\n\n\n\n<div style=\"height:10px\" aria-hidden=\"true\" class=\"wp-block-spacer\"><\/div>\n\n\n\n<p>This information is required and processed by the administrator only for clients who agree to book a stay on a specific date. For clients who only request a stay and there is no binding reservation and sending a binding confirmation of the stay order, the administrator does not require or process personal data. The provision of personal data for accommodation purposes is a legal requirement or a requirement that must be stated in the contract (confirmation of the stay order), and here the data subject is obliged to provide personal data on the basis of \u00a7 3 paragraph 4 of Act No. 565\/1990 coll. (on local fees) as amended. If this data is not provided, it is not possible to accommodate the data subject or draw up an Accommodation Contract. The administrator obtains personal data directly from data subjects, with the exception of the processing of &#8222;Accommodation reservations &#8211; receipt of information from internet reservation portals&#8220;, where the administrator obtains part of personal data from entities operating internet reservation portals. The client will find information about these personal data managers, including contacts, on their website on which the client made the reservation. Due to their larger number and mutual transfer of data between them, they are not listed here.<\/p>\n\n\n\n<div style=\"height:20px\" aria-hidden=\"true\" class=\"wp-block-spacer\"><\/div>\n\n\n\n<h2 class=\"wp-block-heading\">Purpose of personal data processing<\/h2>\n\n\n\n<p>Kl\u00ednov\u00e9 boudy Ltd as a controller of personal data in connection with the provision of its services collects, processes and stores under the conditions and within the limits of applicable legislation personal data and subject\u2019s data for the following purposes: To fulfill the legal obligation, the administrator is obliged to request data 1)-5) in accordance with generally binding decrees on local fees, as amended, issued by the city of \u0160pindler\u016fv Ml\u00fdn. For the purposes of the legitimate interests of accommodation providers, the administrator then requests an e-mail address and telephone number from clients. This data is necessary for effective communication between clients and the landlord.<\/p>\n\n\n\n<div style=\"height:20px\" aria-hidden=\"true\" class=\"wp-block-spacer\"><\/div>\n\n\n\n<h2 class=\"wp-block-heading\">Processing time<\/h2>\n\n\n\n<p>Personal data will be processed for the time strictly necessary to ensure mutual rights and obligations, i.e. always at least until the end of the stay, and then for the period during which the controller is obliged \/ authorized to retain data under GDPR and other generally binding legal regulations.<\/p>\n\n\n\n<div style=\"height:20px\" aria-hidden=\"true\" class=\"wp-block-spacer\"><\/div>\n\n\n\n<h2 class=\"wp-block-heading\">Processing of personal data<\/h2>\n\n\n\n<div style=\"height:10px\" aria-hidden=\"true\" class=\"wp-block-spacer\"><\/div>\n\n\n\n<h3 class=\"wp-block-heading\">a) Processing<\/h3>\n\n\n\n<p>The processing of personal data takes place manually, in electronic or paper form, always with high technical, organizational and personnel security in the sense of the requirements of the GDPR. Only the executives of the administrator&#8217;s company and subsequently the bodies that require this data by law (e.g. the \u0160pindler\u016fv Ml\u00fdn Municipal Authority, the Police of the Czech Republic, the Alien Police Department) come into contact with clients&#8216; personal data. Processing is performed only by executives of the administrator&#8217;s company in person.<\/p>\n\n\n\n<div style=\"height:20px\" aria-hidden=\"true\" class=\"wp-block-spacer\"><\/div>\n\n\n\n<h3 class=\"wp-block-heading\">b) Storage<\/h3>\n\n\n\n<p>For effective communication with clients, personal data is stored: name and surname, address, e-mail and telephone. These are stored in electronic form and in paper form with security. Birth dates are recorded and stored in electronic and paper form with secure storage.<\/p>\n\n\n\n<div style=\"height:20px\" aria-hidden=\"true\" class=\"wp-block-spacer\"><\/div>\n\n\n\n<h3 class=\"wp-block-heading\">c) Archiving<\/h3>\n\n\n\n<p>The data are stored for a period of 6 years following the year of entry in accordance with the fulfillment of the legal obligation pursuant to Act 565\/1990 coll. (on local fees) as amended by later regulations and Act No. 326\/1999 coll. (on the stay of foreigners in the Czech Republic) as amended, with the proviso that tax documents are kept for a period of 10 years from the end of the tax period in which the performance took place pursuant to \u00a735 and \u00a7 35a of Act No. 235\/2004 coll. (on value added tax) as amended.<\/p>\n\n\n\n<div style=\"height:20px\" aria-hidden=\"true\" class=\"wp-block-spacer\"><\/div>\n\n\n\n<h2 class=\"wp-block-heading\">Rights of the data subject<\/h2>\n\n\n\n<p>The data subject has all the rights granted by the GDPR Regulation and other legal regulations, in particular:<\/p>\n\n\n\n<ul class=\"wp-block-list\">\n<li><strong>&nbsp;&nbsp;&nbsp;&nbsp; Right of access<\/strong><\/li>\n\n\n\n<li><strong>&nbsp;&nbsp;&nbsp;&nbsp; Right of deletion<\/strong><\/li>\n\n\n\n<li><strong>&nbsp;&nbsp;&nbsp;&nbsp; Right to be restricted by processing<\/strong><\/li>\n\n\n\n<li><strong>&nbsp;&nbsp;&nbsp;&nbsp; Right to portability<\/strong><\/li>\n\n\n\n<li><strong>&nbsp;&nbsp;&nbsp;&nbsp; Right to an explanation<\/strong><\/li>\n\n\n\n<li><strong>&nbsp;&nbsp;&nbsp;&nbsp; The right to object to the processing<\/strong><\/li>\n\n\n\n<li><strong>&nbsp;&nbsp;&nbsp;&nbsp; The right to lodge a complaint at the controller or to contact the Office for Personal Data Protection&nbsp;&nbsp;&nbsp;<\/strong><\/li>\n<\/ul>\n\n\n\n<div style=\"height:10px\" aria-hidden=\"true\" class=\"wp-block-spacer\"><\/div>\n\n\n\n<p>More information on the rights of the data subject is available on the website of the Office for Personal Data Protection. <a href=\"https:\/\/www.uoou.cz\/6-prava-subjektu-udaj\/d-27276\" target=\"_blank\" rel=\"noopener\">https:\/\/www.uoou.cz\/6-prava-subjektu-udaj\/d-27276<\/a> . All the above personal data are processed and stored in accordance with the conditions of the GDPR and are not made available or provided to any other persons except for possible control by the municipality, for which local fees are collected, or the Police of the Czech Republic, the Alien Police Department. Personal data will also not be transferred outside the EU or any international organization.<\/p>\n","protected":false},"excerpt":{"rendered":"<p>The company Kl\u00ednov\u00e9 boudy Ltd, P\u0159edn\u00ed Labsk\u00e1 86, 543 51 \u0160pindler\u016fv Ml\u00fdn, I\u010c 08980136, DI\u010c CZ0898013, entered in the Commercial Register with the Regional Court in Hradec Kr\u00e1lov\u00e9, section C, file No. 45930, hereby informs about the basic principles of which Kl\u00ednov\u00e9 boudy Ltd, as the administrator of personal data in connection with the provision [&hellip;]<\/p>\n","protected":false},"author":1,"featured_media":0,"parent":0,"menu_order":0,"comment_status":"closed","ping_status":"closed","template":"","meta":{"_acf_changed":false,"footnotes":""},"class_list":["post-466","page","type-page","status-publish","hentry"],"acf":[],"_links":{"self":[{"href":"https:\/\/klinovka.com\/en\/wp-json\/wp\/v2\/pages\/466","targetHints":{"allow":["GET"]}}],"collection":[{"href":"https:\/\/klinovka.com\/en\/wp-json\/wp\/v2\/pages"}],"about":[{"href":"https:\/\/klinovka.com\/en\/wp-json\/wp\/v2\/types\/page"}],"author":[{"embeddable":true,"href":"https:\/\/klinovka.com\/en\/wp-json\/wp\/v2\/users\/1"}],"replies":[{"embeddable":true,"href":"https:\/\/klinovka.com\/en\/wp-json\/wp\/v2\/comments?post=466"}],"version-history":[{"count":3,"href":"https:\/\/klinovka.com\/en\/wp-json\/wp\/v2\/pages\/466\/revisions"}],"predecessor-version":[{"id":861,"href":"https:\/\/klinovka.com\/en\/wp-json\/wp\/v2\/pages\/466\/revisions\/861"}],"wp:attachment":[{"href":"https:\/\/klinovka.com\/en\/wp-json\/wp\/v2\/media?parent=466"}],"curies":[{"name":"wp","href":"https:\/\/api.w.org\/{rel}","templated":true}]}}