{"id":64,"date":"2020-05-06T16:09:25","date_gmt":"2020-05-06T14:09:25","guid":{"rendered":"https:\/\/michalhancil.cz\/test\/klinovkanew\/?page_id=64"},"modified":"2025-03-16T11:45:17","modified_gmt":"2025-03-16T10:45:17","slug":"geschaftsbedingungen","status":"publish","type":"page","link":"https:\/\/klinovka.com\/de\/geschaftsbedingungen\/","title":{"rendered":"Gesch\u00e4ftsbedingungen"},"content":{"rendered":"\n<h2 class=\"wp-block-heading\"><strong>TEIL I<\/strong><\/h2>\n\n\n\n<p><strong>Kl\u00ednov\u00e9 Boudy s.r.o.<\/strong><strong><br><\/strong><strong>P\u0159edn\u00ed Labsk\u00e1 86<\/strong><strong><br><\/strong><strong>543 51 \u0160pindler\u016fv Ml\u00fdn<\/strong><strong><br><\/strong><strong>I\u010c: 08980136 | DI\u010c: CZ 08980136<\/strong><\/p>\n\n\n\n<p>Verantwortliche Person: <strong>Franti\u0161ek Z\u00e1le\u0161\u00e1k<\/strong><\/p>\n\n\n\n<h3 class=\"wp-block-heading\"><strong>1. die Reservierung von Unterk\u00fcnften und anderen Dienstleistungen<\/strong><\/h3>\n\n\n\n<p>Die Reservierung von Unterk\u00fcnften und anderen Dienstleistungen in der Bouda Kl\u00ednovka und die Best\u00e4tigung dieser Reservierung durch die verantwortliche Person ist schriftlich m\u00f6glich, d.h. \u00fcber die Reservierungssysteme der Bouda Kl\u00ednovka unter https:\/\/klinovka.com\/rezervace\/#rezervace, www.hotel.cz, www.penzion.cz oder per E-Mail unter: recepce@klinovka.com oder \u00fcber www.booking.com. Als Best\u00e4tigung der Reservierung gilt entweder eine automatische E-Mail-Best\u00e4tigung, die durch das jeweilige Online-Reservierungssystem generiert wird, oder eine E-Mail-Best\u00e4tigung der verantwortlichen Person. Die Reservierung erfordert eine Vorauszahlung von 100 % der Unterkunftskosten, es sei denn, in einem der Buchungssysteme ist eine andere Bedingung festgelegt. Erst nach erfolgter Zahlung wird die Reservierung best\u00e4tigt. Die Buchung und Zahlung der Unterkunftskosten erfolgt \u00fcber das Buchungssystem von Booking.com und unterliegt den Regeln des Buchungssystems von Booking.com.<\/p>\n\n\n\n<h3 class=\"wp-block-heading\"><strong>2. Stornierung oder \u00c4nderung von Unterk\u00fcnften und anderen Dienstleistungen<\/strong><\/h3>\n\n\n\n<p>Die Stornierung oder \u00c4nderung einer bezahlten Reservierung gem\u00e4\u00df Punkt 1. ist f\u00fcr Aufenthalte von zwei N\u00e4chten oder l\u00e4nger 14 Tage oder fr\u00fcher vor dem geplanten Beginn des Aufenthalts m\u00f6glich. Die Stornierung oder \u00c4nderung einer bezahlten Reservierung gem\u00e4\u00df Punkt 1. ist bei Reservierungen f\u00fcr eine Nacht nicht m\u00f6glich. Sie k\u00f6nnen diese Reservierung kostenlos auf eine andere Person \u00fcbertragen. Stornierungsanfragen senden Sie bitte an storno@klinovka.com. Das unter Punkt 2 beschriebene Verfahren gilt nicht f\u00fcr Buchungen, die \u00fcber Booking.com vorgenommen wurden. Stornierungen oder \u00c4nderungen von Buchungen unterliegen den Richtlinien von Booking.com<\/p>\n\n\n\n<h3 class=\"wp-block-heading\"><strong>3. Nichterscheinen des Kunden<\/strong><\/h3>\n\n\n\n<p>Wenn der Kunde am gebuchten Datum nicht anreist, wird die Buchung ohne R\u00fcckerstattung storniert. Check-in am gebuchten Datum ist definiert als der Tag der Ankunft bis 20.00 Uhr. Ein sp\u00e4teres Check-in-Datum kann individuell schriftlich unter info@klinovka.com vereinbart werden. Eine E-Mail-Best\u00e4tigung der verantwortlichen Person gilt als Best\u00e4tigung des sp\u00e4teren Check-in-Datums. Der Beherbergungsbetrieb beh\u00e4lt sich das Recht vor, den Kunden ohne Angabe von Gr\u00fcnden nicht zu beherbergen, insbesondere bei versp\u00e4teter Ankunft (nach 20 Uhr) des Kunden. In diesem Fall wird die Buchung ohne R\u00fcckerstattung storniert. Die No-Show-Politik f\u00fcr Buchungen \u00fcber Booking.com wird durch die Regeln dieses Portals geregelt.<\/p>\n\n\n\n<h3 class=\"wp-block-heading\"><strong>4. die Zeiten f\u00fcr den Check-in und Check-out<\/strong><\/h3>\n\n\n\n<p>Der Check-in ist <strong>zwischen 16:00 und 20:00 Uhr<\/strong> m\u00f6glich. Wenn Sie sp\u00e4ter als 20.00 Uhr ankommen, gilt das oben Gesagte. Ein fr\u00fcheres Einchecken ist m\u00f6glich, wenn das reservierte Zimmer nach Absprache mit der Rezeption der Bouda Kl\u00ednovka kostenlos zur Verf\u00fcgung steht.<\/p>\n\n\n\n<p>Der Gast ist verpflichtet, das Zimmer am letzten Tag der g\u00fcltigen Reservierung bis 10 Uhr zu r\u00e4umen (Check-out). Ein sp\u00e4teres Auschecken ist nur nach vorheriger Absprache mit der Rezeption m\u00f6glich.<\/p>\n\n\n\n<p>Diese allgemeinen Gesch\u00e4ftsbedingungen sind ab dem <strong>1.1.2025<\/strong> g\u00fcltig.<\/p>\n\n\n\n<h2 class=\"wp-block-heading\"><strong>TEIL II &#8211; DATENSCHUTZPOLITIK<\/strong><\/h2>\n\n\n\n<p>Wir informieren Sie, die Nutzer unserer Website www.klinovka.com, Kunden, Lieferanten, als Betreiber der Bouda Kl\u00ednovka, Franti\u0161ek Z\u00e1le\u0161\u00e1k, ID: 28260678, mit Sitz in P\u0159edn\u00ed Labsk\u00e1 86, 543 51 \u0160pindler\u016fv Ml\u00fdn, sowie alle Mitarbeiter, \u00fcber die nachfolgend beschriebene Erhebung personenbezogener Daten und Datenschutzpolitik.<\/p>\n\n\n\n<p>Diese Politik gilt, wenn Sie unsere Dienste nutzen, auf unserer Website surfen oder uns auf eine der m\u00f6glichen Arten kontaktieren, d. h. vor allem per Telefon oder E-Mail.<\/p>\n\n\n\n<p>Wenn Sie unsere Dienste in Anspruch nehmen, ist es uns wichtig, dass die Verarbeitung Ihrer Daten vollkommen verst\u00e4ndlich und transparent ist und dass Sie \u00fcber alle Ihre Rechte informiert sind.<\/p>\n\n\n\n<p>In dieser Datenschutzrichtlinie (die \u201eRichtlinie\u201c) erl\u00e4utern wir:<\/p>\n\n\n\n<ul class=\"wp-block-list\">\n<li><strong>Welche Informationen wir sammeln und wie wir sie sammeln;<\/strong><\/li>\n\n\n\n<li><strong>wie wir die gesammelten Informationen verwenden und auf welcher Rechtsgrundlage;<\/strong><\/li>\n\n\n\n<li><strong>wie lange wir die gesammelten Informationen verarbeiten;<\/strong><\/li>\n\n\n\n<li><strong>Wer Zugang zu den gesammelten Informationen hat;<\/strong><\/li>\n\n\n\n<li><strong>welche Rechte Sie in Bezug auf die erfassten Daten haben und wie Sie diese aus\u00fcben k\u00f6nnen.<\/strong><\/li>\n<\/ul>\n\n\n\n<p>Wenn Sie einen Teil des Textes erkl\u00e4rt haben m\u00f6chten, eine Beratung w\u00fcnschen oder die Verarbeitung Ihrer personenbezogenen Daten weiter er\u00f6rtern m\u00f6chten, k\u00f6nnen Sie uns jederzeit unter <strong>recepce@klinovka.com<\/strong> kontaktieren.<\/p>\n\n\n\n<h3 class=\"wp-block-heading\"><strong>1. WELCHE INFORMATIONEN WIR SAMMELN UND WIE WIR SIE SAMMELN<\/strong><\/h3>\n\n\n\n<p>Wir erheben die folgenden Informationen:<\/p>\n\n\n\n<p>Informationen, die Sie uns zur Verf\u00fcgung stellen. Dies sind Ihre pers\u00f6nlichen Informationen, die Sie uns mitteilen, wenn Sie mit uns Kontakt aufnehmen oder sich f\u00fcr unsere Dienstleistungen interessieren. In der Regel stellen Sie uns diese Informationen zur Verf\u00fcgung, indem Sie ein Formular auf unserer Website ausf\u00fcllen und abschicken, indem Sie unsere Dienstleistungen per E-Mail bestellen oder wenn Sie bei uns zu Gast sind. Dazu geh\u00f6ren z. B. Ihr Vor- und Nachname, Ihre E-Mail-Adresse, Ihre Telefonnummer oder der Name der Organisation, die Sie vertreten.<\/p>\n\n\n\n<p>Informationen, die wir sammeln, wenn Sie unsere Dienste in Anspruch nehmen. Wir k\u00f6nnen Informationen dar\u00fcber sammeln, wie Sie unsere Dienstleistungen nutzen, wie zufrieden Sie mit unseren Dienstleistungen sind und ob Sie Ihren Aufenthalt bei uns genossen haben.<\/p>\n\n\n\n<p>Falls Sie beabsichtigen, mit Ihren Kindern unter 16 Jahren oder mit Ihnen anvertrauten Kindern bei uns zu \u00fcbernachten, werden wir auch deren personenbezogene Daten im gleichen Umfang und zu den gleichen Zwecken wie bei Erwachsenen verarbeiten.<\/p>\n\n\n\n<p>Wir verarbeiten Ihre personenbezogenen Daten in \u00dcbereinstimmung mit der oben genannten Richtlinie auf der Grundlage der Erf\u00fcllung eines gegenseitigen Vertrags oder Ihrer Anfrage, der Erf\u00fcllung unserer gesetzlichen Verpflichtungen, unseres berechtigten Interesses oder Ihrer Einwilligung, die Sie gegebenenfalls f\u00fcr eine bestimmte Verarbeitung gegeben haben. Wir werden stets pr\u00fcfen, ob Ihre Zustimmung erforderlich ist, bevor wir Informationen f\u00fcr einen Zweck verwenden, der nicht in dieser Richtlinie dargelegt ist. Wenn dies der Fall ist, werden wir Sie dar\u00fcber informieren und um Ihre Zustimmung bitten.<\/p>\n\n\n\n<p>Unsere berechtigten Interessen, auf deren Grundlage wir Ihre personenbezogenen Daten verarbeiten, beruhen auf unserer Beziehung zu Ihnen. Unsere berechtigten Interessen f\u00fcr die Verarbeitung Ihrer personenbezogenen Daten sind insbesondere:<\/p>\n\n\n\n<ul class=\"wp-block-list\">\n<li><strong>Kontaktaufnahme und Information im Rahmen unserer gegenseitigen Gesch\u00e4ftsbeziehung, einschlie\u00dflich der m\u00f6glichen Durchf\u00fchrung von Direktmarketing;<\/strong><\/li>\n\n\n\n<li><strong>Verbesserung unserer Dienstleistungen;<\/strong><\/li>\n\n\n\n<li><strong>Werbung f\u00fcr unsere Dienstleistungen;<\/strong><\/li>\n\n\n\n<li><strong>F\u00fchren von Aufzeichnungen \u00fcber Ihre wirtschaftliche Situation;<\/strong><\/li>\n\n\n\n<li><strong>Effiziente Bereitstellung von Kundenbetreuungsdiensten;<\/strong><\/li>\n\n\n\n<li><strong>Wahrung unserer und Ihrer Rechtsanspr\u00fcche.<\/strong><\/li>\n<\/ul>\n\n\n\n<p>Wir verwenden Ihre Daten in unserer internen Dokumentation, in der wir Aufzeichnungen dar\u00fcber f\u00fchren, wo Ihre personenbezogenen Daten gespeichert sind, wie sie gesichert sind, ob Ihre Daten gel\u00f6scht wurden, wer sie gel\u00f6scht hat und wann, damit wir nachweisen k\u00f6nnen, dass wir die Datenschutzgesetze einhalten und auch unsere sonstigen Verpflichtungen aus anderen Rechtsvorschriften erf\u00fcllen.<\/p>\n\n\n\n<p>Sie k\u00f6nnen der Verarbeitung Ihrer personenbezogenen Daten zum Zwecke der Zusendung kommerzieller Mitteilungen jederzeit widersprechen, ohne dass dies Auswirkungen auf unsere sonstigen Beziehungen hat. Wenn Sie sich nicht sicher sind, ob Sie Ihre Zustimmung zum Erhalt solcher Mitteilungen gegeben haben, oder wenn Sie Ihre Zustimmung zur\u00fcckziehen m\u00f6chten, senden Sie uns einfach eine E-Mail mit der entsprechenden Anfrage an <strong>recepce@klinovka.com<\/strong> oder an eine andere Adresse, von der Sie kommerzielle Mitteilungen von uns erhalten haben. Der Widerruf der Einwilligung ber\u00fchrt nicht die Rechtm\u00e4\u00dfigkeit der Verarbeitung aufgrund der vor dem Widerruf erteilten Einwilligung. Ihre personenbezogenen Daten werden nicht zum Zwecke der automatisierten Entscheidungsfindung, einschlie\u00dflich Profiling, verwendet.<\/p>\n\n\n\n<h3 class=\"wp-block-heading\"><strong>2. DAUER DER VERARBEITUNG DER VON UNS ERHOBENEN DATEN<\/strong><\/h3>\n\n\n\n<p>Ihre personenbezogenen Daten werden immer nur so lange verwendet, wie es zur Erf\u00fcllung des Zwecks, f\u00fcr den sie erhoben wurden, erforderlich ist.<\/p>\n\n\n\n<h3 class=\"wp-block-heading\"><strong>3. WER ZUGANG ZU DEN INFORMATIONEN HAT<\/strong><\/h3>\n\n\n\n<p>Wir achten auf den Schutz personenbezogener Daten und verkaufen niemals Datenbanken mit personenbezogenen Daten. Wir geben personenbezogene Daten nur zu den oben genannten Zwecken und nur in dem erforderlichen Umfang an Dritte weiter.<\/p>\n\n\n\n<p>Ihre personenbezogenen Daten werden f\u00fcr uns von Auftragsverarbeitern verarbeitet, die uns Folgendes zur Verf\u00fcgung stellen<\/p>\n\n\n\n<ul class=\"wp-block-list\">\n<li><strong>Server-, Web-, Cloud- oder IT-Dienste;<\/strong><\/li>\n\n\n\n<li><strong>Buchhaltungsdienstleistungen<\/strong><\/li>\n<\/ul>\n\n\n\n<p>Wir werden Ihre personenbezogenen Daten nur innerhalb der Europ\u00e4ischen Union oder des Europ\u00e4ischen Wirtschaftsraums selbst verarbeiten.<\/p>\n\n\n\n<p>Wenn wir Ihre personenbezogenen Daten an Dritte weitergeben, tun wir dies immer auf der Grundlage eines angemessenen Vertrags mit diesen Parteien, damit wir kontrollieren k\u00f6nnen, wie die Dritten Ihre personenbezogenen Daten verarbeiten.<\/p>\n\n\n\n<h3 class=\"wp-block-heading\"><strong>4. WIE WIR IHRE PERSONENBEZOGENEN DATEN SICHERN<\/strong><\/h3>\n\n\n\n<p>Wir sind uns bewusst, dass wir Ihnen gegen\u00fcber eine wichtige Verpflichtung haben, Ihre personenbezogenen Daten so zu sch\u00fctzen, dass sie nicht missbraucht werden k\u00f6nnen. Daher bem\u00fchen wir uns, die bestm\u00f6glichen Sicherheitsma\u00dfnahmen zu ergreifen, um den Missbrauch oder andere unbefugte Eingriffe in Ihre personenbezogenen Daten zu verhindern. Im Rahmen unserer T\u00e4tigkeit werden wir alles in unserer Macht Stehende tun, um einen solchen Sicherheitsvorfall zu verhindern, insbesondere werden wir alle unsere Mitarbeiter, die mit Ihren personenbezogenen Daten in Ber\u00fchrung kommen, regelm\u00e4\u00dfig zum Thema Datenschutz schulen, wir werden die unternehmensinternen Regelungen zum Schutz Ihrer personenbezogenen Daten \u00fcbernehmen und unsere Mitarbeiter mit diesen vertraut machen und wir werden stets moderne technische L\u00f6sungen zur Sicherung unserer Verarbeitung einsetzen.<\/p>\n\n\n\n<p>Sollte es jedoch trotz unserer Bem\u00fchungen zu einem Sicherheitsvorfall kommen, der ein hohes Risiko f\u00fcr Ihre Rechte und Freiheiten darstellen k\u00f6nnte, werden wir Sie unverz\u00fcglich dar\u00fcber informieren, indem wir Ihnen eine E-Mail-Adresse zur Verf\u00fcgung stellen und eine entsprechende Information auf unserer Website ver\u00f6ffentlichen, einschlie\u00dflich aller erforderlichen Angaben.<\/p>\n\n\n\n<p>Wir haben die folgenden Ma\u00dfnahmen zum Schutz Ihrer personenbezogenen Daten getroffen:<\/p>\n\n\n\n<ul class=\"wp-block-list\">\n<li>Organisatorische Sicherheit. Wir sorgen daf\u00fcr, dass Ihre personenbezogenen Daten insbesondere gegen Risiken durch menschliche Faktoren gesch\u00fctzt sind:\n<ul class=\"wp-block-list\">\n<li>Wir haben interne Sicherheitsrichtlinien und -dokumente verabschiedet und pflegen diese;<\/li>\n\n\n\n<li>Wir schulen unsere Mitarbeiter und anderes Personal regelm\u00e4\u00dfig \u00fcber die Regeln f\u00fcr den Umgang mit personenbezogenen Daten und die Risiken der Informationssicherheit;<\/li>\n\n\n\n<li>Wir regeln vertraglich die Haftung von Mitarbeitern, externen Mitarbeitern, Auftragnehmern und anderen Dritten, die Zugang zu Ihren personenbezogenen Daten haben;<\/li>\n\n\n\n<li>Wir haben standardisierte Verfahren f\u00fcr den Umgang mit Ihren personenbezogenen Daten eingef\u00fchrt und halten diese aufrecht.<\/li>\n<\/ul>\n<\/li>\n\n\n\n<li>Technische Ma\u00dfnahmen. Wir haben wichtige technische Ma\u00dfnahmen ergriffen, um die Sicherheit Ihrer personenbezogenen Daten zu gew\u00e4hrleisten, darunter:\n<ul class=\"wp-block-list\">\n<li>Zugang zu Systemen, die personenbezogene Daten enthalten, nur mit Passwort;<\/li>\n\n\n\n<li>Regelm\u00e4\u00dfige Wartung der Ger\u00e4te, auf denen die Daten gespeichert werden;<\/li>\n\n\n\n<li>Gew\u00e4hrleistung des Schutzes durch Antivirenprogramme, Firewalls, Mittel zur Verhinderung des Zugriffs von Unbefugten auf personenbezogene Daten und Mittel zur Verarbeitung;<\/li>\n<\/ul>\n<\/li>\n<\/ul>\n\n\n\n<h3 class=\"wp-block-heading\"><strong>5. WELCHE RECHTE SIE IN BEZUG AUF DEN SCHUTZ IHRER PERSONENBEZOGENEN DATEN HABEN<\/strong><\/h3>\n\n\n\n<p>Sie haben die folgenden Rechte in Bezug auf die Verarbeitung Ihrer personenbezogenen Daten durch uns:<\/p>\n\n\n\n<ul class=\"wp-block-list\">\n<li><strong>Recht auf Zugang zu den personenbezogenen Daten;<\/strong><\/li>\n\n\n\n<li><strong>Das Recht auf Berichtigung;<\/strong><\/li>\n\n\n\n<li><strong>Das Recht auf L\u00f6schung (\u201eRecht auf Vergessenwerden\u201c);<\/strong><\/li>\n\n\n\n<li><strong>Recht auf Einschr\u00e4nkung der Datenverarbeitung;<\/strong><\/li>\n\n\n\n<li><strong>Das Recht auf Widerspruch gegen die Verarbeitung;<\/strong><\/li>\n\n\n\n<li><strong>Recht auf Daten\u00fcbertragbarkeit;<\/strong><\/li>\n\n\n\n<li><strong>Recht auf eine Beschwerde \u00fcber die Verarbeitung personenbezogener Daten.<\/strong><\/li>\n<\/ul>\n\n\n\n<p>Ihre Rechte werden im Folgenden erl\u00e4utert, um Ihnen eine bessere Vorstellung von ihrem Inhalt zu vermitteln.<\/p>\n\n\n\n<p>Das Auskunftsrecht bedeutet, dass Sie von uns jederzeit eine Best\u00e4tigung dar\u00fcber verlangen k\u00f6nnen, ob Sie betreffende personenbezogene Daten verarbeitet werden, und wenn ja, zu welchen Zwecken, in welchem Umfang, an wen sie weitergegeben werden, wie lange wir sie verarbeiten, ob Sie ein Recht auf Berichtigung, L\u00f6schung, Einschr\u00e4nkung der Verarbeitung oder Widerspruch haben, woher wir die personenbezogenen Daten erhalten haben und ob auf der Grundlage der Verarbeitung Ihrer personenbezogenen Daten eine automatisierte Entscheidungsfindung, einschlie\u00dflich Profiling, stattfindet oder nicht. Sie haben auch das Recht, eine Kopie Ihrer personenbezogenen Daten zu erhalten, wobei die erste Bereitstellung kostenlos ist und wir f\u00fcr die weitere Bereitstellung eine angemessene Verwaltungsgeb\u00fchr von 100 CZK erheben k\u00f6nnen.<\/p>\n\n\n\n<p>Das Recht auf Berichtigung bedeutet, dass Sie uns jederzeit um die Berichtigung oder Vervollst\u00e4ndigung Ihrer personenbezogenen Daten bitten k\u00f6nnen, wenn diese unrichtig oder unvollst\u00e4ndig sind.<\/p>\n\n\n\n<p>Das Recht auf L\u00f6schung bedeutet, dass wir Ihre personenbezogenen Daten l\u00f6schen m\u00fcssen, wenn (i) sie f\u00fcr die Zwecke, f\u00fcr die sie erhoben oder anderweitig verarbeitet wurden, nicht mehr erforderlich sind, (ii) die Verarbeitung unrechtm\u00e4\u00dfig ist, (iii) Sie Widerspruch gegen die Verarbeitung einlegen und keine \u00fcberwiegenden berechtigten Gr\u00fcnde f\u00fcr die Verarbeitung vorliegen, (iv) wir gesetzlich dazu verpflichtet sind oder (v) Sie in Bezug auf personenbezogene Daten, f\u00fcr die Sie Ihre Einwilligung zur Verarbeitung gegeben haben, diese Einwilligung widerrufen.<\/p>\n\n\n\n<p>Das Recht auf Einschr\u00e4nkung der Verarbeitung bedeutet, dass wir bis zur Kl\u00e4rung strittiger Fragen im Zusammenhang mit der Verarbeitung Ihrer personenbezogenen Daten Ihre personenbezogenen Daten nur verarbeiten d\u00fcrfen, indem wir sie speichern und gegebenenfalls nur mit Ihrer Einwilligung oder zur Begr\u00fcndung, Aus\u00fcbung oder Verteidigung von Rechtsanspr\u00fcchen verwenden.<\/p>\n\n\n\n<p>Das Widerspruchsrecht bedeutet, dass Sie der Verarbeitung Ihrer personenbezogenen Daten widersprechen k\u00f6nnen, die wir zur Wahrnehmung einer Aufgabe im \u00f6ffentlichen Interesse, in Aus\u00fcbung \u00f6ffentlicher Gewalt, f\u00fcr Zwecke der Direktwerbung oder aus berechtigtem Interesse, einschlie\u00dflich des auf unserem berechtigten Interesse beruhenden Profilings, verarbeiten. Wenn Sie der Verarbeitung zu Zwecken der Direktwerbung widersprechen, werden Ihre personenbezogenen Daten nicht mehr f\u00fcr diese Zwecke verarbeitet. Wenn Sie der Verarbeitung aus anderen Gr\u00fcnden widersprechen, werden wir den Widerspruch pr\u00fcfen und Ihnen dann mitteilen, ob wir dem Widerspruch stattgegeben haben und Ihre Daten nicht mehr verarbeiten oder ob der Widerspruch nicht gerechtfertigt war und die Verarbeitung fortgesetzt wird. In jedem Fall wird die Verarbeitung bis zur Erledigung des Widerspruchs eingeschr\u00e4nkt.<\/p>\n\n\n\n<p>Das Recht auf Daten\u00fcbertragbarkeit bedeutet, dass Sie das Recht haben, die Sie betreffenden personenbezogenen Daten, die Sie uns aufgrund einer Einwilligung oder eines Vertrags zur Verf\u00fcgung gestellt haben und die auch automatisiert verarbeitet werden, in einem strukturierten, g\u00e4ngigen und maschinenlesbaren Format zu erhalten, sowie das Recht, diese personenbezogenen Daten direkt an einen anderen Verantwortlichen zu \u00fcbermitteln.<\/p>\n\n\n\n<p>Wenn Sie einen Kommentar oder eine Beschwerde zum Datenschutz oder eine Anfrage an den Datenschutzbeauftragten unseres Unternehmens haben oder eines Ihrer Rechte aus\u00fcben m\u00f6chten, wenden Sie sich bitte an unseren Datenschutzbeauftragten unter <strong>recepce@klinovka.com<\/strong>. Wir werden innerhalb eines Monats auf Ihre Fragen oder Anmerkungen antworten.<\/p>\n\n\n\n<p>Unsere T\u00e4tigkeit wird auch von der Datenschutzbeh\u00f6rde \u00fcberwacht, bei der Sie sich beschweren k\u00f6nnen, wenn Sie unzufrieden sind. Weitere Informationen finden Sie auf unserer Website (www.uoou.cz).<\/p>\n\n\n\n<h4 class=\"wp-block-heading\"><strong>\u00c4NDERUNGEN AN DEN GRUNDS\u00c4TZEN<\/strong><\/h4>\n\n\n\n<p>Unsere Grunds\u00e4tze k\u00f6nnen von Zeit zu Zeit ge\u00e4ndert werden. Wir werden alle \u00c4nderungen an den Datenschutzgrunds\u00e4tzen auf unserer Website ver\u00f6ffentlichen, und wenn es wesentliche \u00c4nderungen gibt, werden wir Sie ausf\u00fchrlicher benachrichtigen (bei einigen Diensten k\u00f6nnen wir \u00c4nderungen an den Grunds\u00e4tzen per E-Mail mitteilen). Wir archivieren fr\u00fchere Versionen dieser Richtlinie, damit Sie in Zukunft darauf zugreifen k\u00f6nnen.<\/p>\n\n\n\n<p>Diese Richtlinie ist ab dem <strong>1. September 2020<\/strong> g\u00fcltig.<\/p>\n","protected":false},"excerpt":{"rendered":"<p>TEIL I Kl\u00ednov\u00e9 Boudy s.r.o.P\u0159edn\u00ed Labsk\u00e1 86543 51 \u0160pindler\u016fv Ml\u00fdnI\u010c: 08980136 | DI\u010c: CZ 08980136 Verantwortliche Person: Franti\u0161ek Z\u00e1le\u0161\u00e1k 1. die Reservierung von Unterk\u00fcnften und anderen Dienstleistungen Die Reservierung von Unterk\u00fcnften und anderen Dienstleistungen in der Bouda Kl\u00ednovka und die Best\u00e4tigung dieser Reservierung durch die verantwortliche Person ist schriftlich m\u00f6glich, d.h. \u00fcber die Reservierungssysteme der [&hellip;]<\/p>\n","protected":false},"author":1,"featured_media":0,"parent":0,"menu_order":0,"comment_status":"closed","ping_status":"closed","template":"","meta":{"_acf_changed":false,"footnotes":""},"class_list":["post-64","page","type-page","status-publish","hentry"],"acf":[],"_links":{"self":[{"href":"https:\/\/klinovka.com\/de\/wp-json\/wp\/v2\/pages\/64","targetHints":{"allow":["GET"]}}],"collection":[{"href":"https:\/\/klinovka.com\/de\/wp-json\/wp\/v2\/pages"}],"about":[{"href":"https:\/\/klinovka.com\/de\/wp-json\/wp\/v2\/types\/page"}],"author":[{"embeddable":true,"href":"https:\/\/klinovka.com\/de\/wp-json\/wp\/v2\/users\/1"}],"replies":[{"embeddable":true,"href":"https:\/\/klinovka.com\/de\/wp-json\/wp\/v2\/comments?post=64"}],"version-history":[{"count":12,"href":"https:\/\/klinovka.com\/de\/wp-json\/wp\/v2\/pages\/64\/revisions"}],"predecessor-version":[{"id":827,"href":"https:\/\/klinovka.com\/de\/wp-json\/wp\/v2\/pages\/64\/revisions\/827"}],"wp:attachment":[{"href":"https:\/\/klinovka.com\/de\/wp-json\/wp\/v2\/media?parent=64"}],"curies":[{"name":"wp","href":"https:\/\/api.w.org\/{rel}","templated":true}]}}