{"id":48,"date":"2020-05-06T15:34:06","date_gmt":"2020-05-06T13:34:06","guid":{"rendered":"https:\/\/michalhancil.cz\/test\/klinovkanew\/?page_id=3"},"modified":"2024-09-19T10:11:01","modified_gmt":"2024-09-19T08:11:01","slug":"dsgvo","status":"publish","type":"page","link":"https:\/\/klinovka.com\/de\/dsgvo\/","title":{"rendered":"DSGVO"},"content":{"rendered":"\n<p>Das Unternehmen Klinov\u00e9 Boudy, s.r. o., P\u0159edn\u00ed Labsk\u00e1 86, 543 51 \u0160pindler\u016fv Ml\u00fdn, I\u010c 08980136, DI\u010c CZ0898013, eingetragen auf der Grundlage des vom Bezirksgericht in Hradec Kr\u00e1lov\u00e9 gef\u00fchrten Handelsregisters, Abschnitt C, Einlage 4593 0, \u00fcber das sie informiert oder \u00fcber die Grundprinzipien informiert und Grunds\u00e4tze dieser s. r. o.) des Gesetzes Nr. 101\/2000 Slg. zum Schutz personenbezogener Daten (im Folgenden \u201eDSB\u201c genannt) und gem\u00e4\u00df der VERORDNUNG DES EUROP\u00c4ISCHEN PARLAMENTS UND DES RATES (EU) 2016\/679 vom 27. April 2016, zum Schutz nat\u00fcrlicher Personen, sei es im Zusammenhang mit der Verarbeitung personenbezogener Daten und dem freien Datenverkehr sowie zur Aufhebung der Richtlinie 95\/46\/EG (Datenschutz-Grundverordnung \u2013 im Folgenden \u201eDSGVO\u201c genannt). Die Rechtsgrundlage f\u00fcr die Verarbeitung, die dem Beherbergungsbetrieb durch Gesetz oder eine andere Rechtsnorm auferlegt wird, ist die Verarbeitung, die auf der Grundlage des in Artikel 6 des 1. Buchstabens genannten Rechtsgrundes erfolgt. c) DSGVO, d.h. erforderliche Verarbeitung. Kl\u00ednov\u00e9 Boudy, s.r.o. verlangt als Administrator personenbezogener Daten (im Folgenden auch \u201eAdministrator\u201c genannt) im Zusammenhang mit der Erbringung von Beherbergungsdienstleistungen die Bereitstellung der folgenden personenbezogenen Daten der untergebrachten Personen (betroffene Personen):<\/p>\n\n\n\n<ol class=\"wp-block-list\">\n<li><strong>Name und Nachname<\/strong><\/li>\n\n\n\n<li><strong>Anschrift des st\u00e4ndigen Wohnsitzes bzw. des st\u00e4ndigen Wohnsitzes im Ausland<\/strong><\/li>\n\n\n\n<li><strong>Geburtsdatum<\/strong><\/li>\n\n\n\n<li><strong>Personalausweis- oder Reisedokumentnummer<\/strong><\/li>\n\n\n\n<li><strong>Staatsb\u00fcrgerschaft<\/strong><\/li>\n\n\n\n<li><strong>E-Mail-Adresse<\/strong><\/li>\n\n\n\n<li><strong>Telefonischer Kontakt<\/strong><\/li>\n<\/ol>\n\n\n\n<div style=\"height:10px\" aria-hidden=\"true\" class=\"wp-block-spacer\"><\/div>\n\n\n\n<p>Der Administrator ben\u00f6tigt und verarbeitet diese Daten nur f\u00fcr Kunden, die sich bereit erkl\u00e4ren, einen Aufenthalt zu einem bestimmten Datum zu buchen. Der Administrator verlangt oder verarbeitet keine personenbezogenen Daten von Kunden, die lediglich einen Aufenthalt anfragen und anschlie\u00dfend keine verbindliche Reservierung vornehmen und keine verbindliche Best\u00e4tigung der Aufenthaltsbestellung senden. Die Bereitstellung personenbezogener Daten zum Zwecke der Beherbergung ist eine gesetzliche oder zwingend in den Vertrag (Best\u00e4tigung des Aufenthaltsauftrags) aufzunehmende Pflicht, wobei die betroffene Person gem\u00e4\u00df \u00a7 3 Abs. 4 zur Bereitstellung personenbezogener Daten verpflichtet ist Gesetz Nr. 565\/1990 Slg. (zu lokalen Geb\u00fchren) in der jeweils g\u00fcltigen Fassung. Bei Nichtbereitstellung dieser Daten ist eine Beherbergung des Betroffenen bzw. der Abschluss eines Beherbergungsvertrages nicht m\u00f6glich.Der Verantwortliche erh\u00e4lt personenbezogene Daten direkt von den betroffenen Personen, mit Ausnahme der Verarbeitung \u201eUnterkunftsreservierung \u2013 Erhalt von Informationen von Online-Buchungsportalen\u201c, bei der der Verantwortliche einen Teil der personenbezogenen Daten von Unternehmen erh\u00e4lt, die Online-Buchungsportale betreiben. Der Kunde kann Informationen \u00fcber diese Verantwortlichen f\u00fcr personenbezogene Daten, einschlie\u00dflich ihrer Kontakte, auf der Website finden, auf der der Kunde die Reservierung vorgenommen hat. Aufgrund ihrer gr\u00f6\u00dferen Anzahl und der gegenseitigen Daten\u00fcbermittlung untereinander werden sie hier nicht aufgef\u00fchrt.<\/p>\n\n\n\n<div style=\"height:20px\" aria-hidden=\"true\" class=\"wp-block-spacer\"><\/div>\n\n\n\n<h2 class=\"wp-block-heading\">Zweck der verarbeitung personenbezogener daten<\/h2>\n\n\n\n<p>Kl\u00ednov\u00e9 Boudy, s.r.o. erhebt, verarbeitet und speichert als Administrator personenbezogener Daten im Zusammenhang mit der Erbringung ihrer Dienstleistungen personenbezogene Daten der betroffenen Person unter den Bedingungen und Grenzen, die durch die geltende Gesetzgebung festgelegt sind, f\u00fcr folgende Zwecke: Um eine gesetzliche Verpflichtung zu erf\u00fcllen, ist der Administrator verpflichtet, die Daten 1) \u2013 5) gem\u00e4\u00df der allgemein verbindlichen Verordnung \u00fcber lokale Geb\u00fchren in der jeweils g\u00fcltigen Fassung der Stadt \u0160pindler\u016fv Ml\u00fdn anzufordern. Zur Wahrung der berechtigten Interessen des Unterkunftsanbieters ben\u00f6tigt der Administrator von den Kunden eine E-Mail-Adresse und eine Telefonnummer. Diese Daten sind f\u00fcr eine effektive Kommunikation zwischen Kunden und dem Unterkunftsanbieter erforderlich.<\/p>\n\n\n\n<div style=\"height:20px\" aria-hidden=\"true\" class=\"wp-block-spacer\"><\/div>\n\n\n\n<h2 class=\"wp-block-heading\">Bearbeitungszeit<\/h2>\n\n\n\n<p>Personenbezogene Daten werden f\u00fcr den Zeitraum verarbeitet, der zur Wahrung der gegenseitigen Rechte und Pflichten erforderlich ist, d. h. immer mindestens bis zum Ende des Aufenthalts, und dann f\u00fcr den Zeitraum, in dem der Verantwortliche gem\u00e4\u00df DSGVO und anderen Bestimmungen verpflichtet\/berechtigt ist, diese Daten aufzubewahren allgemein verbindliche Rechtsvorschriften.<\/p>\n\n\n\n<div style=\"height:20px\" aria-hidden=\"true\" class=\"wp-block-spacer\"><\/div>\n\n\n\n<h2 class=\"wp-block-heading\">Verarbeitung personenbezogener Daten<\/h2>\n\n\n\n<div style=\"height:10px\" aria-hidden=\"true\" class=\"wp-block-spacer\"><\/div>\n\n\n\n<h3 class=\"wp-block-heading\">a) Verarbeitung<\/h3>\n\n\n\n<p>Die Verarbeitung personenbezogener Daten erfolgt manuell, in elektronischer oder Papierform, stets mit hoher technischer, organisatorischer und personeller Sicherheit gem\u00e4\u00df den Anforderungen der DSGVO. Mit den personenbezogenen Daten der Kunden kommen nur die F\u00fchrungskr\u00e4fte des Verwalterunternehmens in Kontakt und anschlie\u00dfend die Beh\u00f6rden, die diese Daten gesetzlich ben\u00f6tigen (z. B. Gemeindeamt \u0160pindler\u016fv Ml\u00fdn, Polizei der Tschechischen Republik, Ausl\u00e4nderpolizei). Die Verarbeitung erfolgt ausschlie\u00dflich durch die Gesch\u00e4ftsf\u00fchrer der Verwaltergesellschaft pers\u00f6nlich.<\/p>\n\n\n\n<div style=\"height:20px\" aria-hidden=\"true\" class=\"wp-block-spacer\"><\/div>\n\n\n\n<h3 class=\"wp-block-heading\">b) Lagerung<\/h3>\n\n\n\n<p>F\u00fcr eine effiziente Kommunikation mit Kunden werden personenbezogene Daten gespeichert: Vor- und Nachname, Adresse, E-Mail und Telefon. Diese werden in elektronischer Form und in Papierform sicher gespeichert. Geburtsdaten werden erfasst und in elektronischer und Papierform mit sicherer Aufbewahrung gespeichert.<\/p>\n\n\n\n<div style=\"height:20px\" aria-hidden=\"true\" class=\"wp-block-spacer\"><\/div>\n\n\n\n<h3 class=\"wp-block-heading\">c) Archivierung<\/h3>\n\n\n\n<p>Die Daten werden f\u00fcr einen Zeitraum von 6 Jahren ab dem Jahr der Registrierung gem\u00e4\u00df der Erf\u00fcllung der gesetzlichen Verpflichtung gem\u00e4\u00df Gesetz 565\/1990 Slg. aufbewahrt. (\u00fcber lokale Geb\u00fchren) in der jeweils g\u00fcltigen Fassung und Gesetz Nr. 326\/1999 Slg. (\u00fcber den Aufenthalt von Ausl\u00e4ndern im Hoheitsgebiet der Tschechischen Republik) in der ge\u00e4nderten Fassung, mit der Bestimmung, dass Steuerunterlagen 10 Jahre lang ab dem Ende des Steuerzeitraums, in dem die Zahlung erfolgt ist, gem\u00e4\u00df \u00a7 35 und \u00a7 35a des Gesetzes aufbewahrt werden Nr. 235\/2004 Slg. (zur Mehrwertsteuer) in der jeweils g\u00fcltigen Fassung.<\/p>\n\n\n\n<div style=\"height:20px\" aria-hidden=\"true\" class=\"wp-block-spacer\"><\/div>\n\n\n\n<h2 class=\"wp-block-heading\">Rechte der betroffenen Person<\/h2>\n\n\n\n<p>Der betroffenen Person stehen alle durch die DSGVO und sonstige Rechtsvorschriften gew\u00e4hrten Rechte zu, insbesondere:<\/p>\n\n\n\n<ul class=\"wp-block-list\">\n<li><strong>Zugangsrecht<\/strong><\/li>\n\n\n\n<li><strong>Recht auf L\u00f6schung<\/strong><\/li>\n\n\n\n<li><strong>Das Recht auf Einschr\u00e4nkung der Verarbeitung<\/strong><\/li>\n\n\n\n<li><strong>Recht auf Portabilit\u00e4t<\/strong><\/li>\n\n\n\n<li><strong>Das Recht auf Aufkl\u00e4rung<\/strong><\/li>\n\n\n\n<li><strong>Das Recht, der Verarbeitung zu widersprechen<\/strong><\/li>\n\n\n\n<li><strong>Das Recht, eine Beschwerde beim Administrator einzureichen oder sich an das Amt f\u00fcr den<\/strong><\/li>\n\n\n\n<li><strong>Schutz personenbezogener Daten zu wenden<\/strong><\/li>\n<\/ul>\n\n\n\n<div style=\"height:10px\" aria-hidden=\"true\" class=\"wp-block-spacer\"><\/div>\n\n\n\n<p>Weitere Informationen zu den Rechten der betroffenen Person finden Sie auf der Website des Amtes f\u00fcr den Schutz personenbezogener Daten. <a href=\"https:\/\/www.uoou.cz\/6-prava-subjektu-udaj\/d-27276\" target=\"_blank\" rel=\"noopener\">https:\/\/www.uoou.cz\/6-prava-subjektu-udaj\/d-27276<\/a> Alle oben genannten personenbezogenen Daten werden gem\u00e4\u00df den Bestimmungen der DSGVO verarbeitet und gespeichert und nicht an Dritte weitergegeben oder weitergegeben Personen, mit Ausnahme einer m\u00f6glichen Kontrolle durch die Gemeinde, f\u00fcr die \u00f6rtliche Geb\u00fchren erhoben werden, oder durch die Polizei der Tschechischen Republik, die ausl\u00e4ndische Polizeibeh\u00f6rde. Eine \u00dcbermittlung personenbezogener Daten au\u00dferhalb der EU oder einer internationalen Organisation erfolgt ebenfalls nicht.<\/p>\n","protected":false},"excerpt":{"rendered":"<p>Das Unternehmen Klinov\u00e9 Boudy, s.r. o., P\u0159edn\u00ed Labsk\u00e1 86, 543 51 \u0160pindler\u016fv Ml\u00fdn, I\u010c 08980136, DI\u010c CZ0898013, eingetragen auf der Grundlage des vom Bezirksgericht in Hradec Kr\u00e1lov\u00e9 gef\u00fchrten Handelsregisters, Abschnitt C, Einlage 4593 0, \u00fcber das sie informiert oder \u00fcber die Grundprinzipien informiert und Grunds\u00e4tze dieser s. r. o.) des Gesetzes Nr. 101\/2000 Slg. zum [&hellip;]<\/p>\n","protected":false},"author":1,"featured_media":0,"parent":0,"menu_order":0,"comment_status":"closed","ping_status":"closed","template":"","meta":{"_acf_changed":false,"footnotes":""},"class_list":["post-48","page","type-page","status-publish","hentry"],"acf":[],"_links":{"self":[{"href":"https:\/\/klinovka.com\/de\/wp-json\/wp\/v2\/pages\/48","targetHints":{"allow":["GET"]}}],"collection":[{"href":"https:\/\/klinovka.com\/de\/wp-json\/wp\/v2\/pages"}],"about":[{"href":"https:\/\/klinovka.com\/de\/wp-json\/wp\/v2\/types\/page"}],"author":[{"embeddable":true,"href":"https:\/\/klinovka.com\/de\/wp-json\/wp\/v2\/users\/1"}],"replies":[{"embeddable":true,"href":"https:\/\/klinovka.com\/de\/wp-json\/wp\/v2\/comments?post=48"}],"version-history":[{"count":11,"href":"https:\/\/klinovka.com\/de\/wp-json\/wp\/v2\/pages\/48\/revisions"}],"predecessor-version":[{"id":808,"href":"https:\/\/klinovka.com\/de\/wp-json\/wp\/v2\/pages\/48\/revisions\/808"}],"wp:attachment":[{"href":"https:\/\/klinovka.com\/de\/wp-json\/wp\/v2\/media?parent=48"}],"curies":[{"name":"wp","href":"https:\/\/api.w.org\/{rel}","templated":true}]}}